{"id":4410,"date":"2022-09-19T11:11:00","date_gmt":"2022-09-19T10:11:00","guid":{"rendered":"https:\/\/azimut360.coop\/treballa-amb-nosaltres\/"},"modified":"2024-04-08T10:58:32","modified_gmt":"2024-04-08T09:58:32","slug":"travaille-avec-nous","status":"publish","type":"page","link":"https:\/\/azimut360.coop\/fr\/travaille-avec-nous\/","title":{"rendered":"Travaille avec Nous"},"content":{"rendered":"<div class=\"wpb-content-wrapper\"><p>[vc_row row_height_percent=\u00a0\u00bb0&Prime; override_padding=\u00a0\u00bbyes\u00a0\u00bb h_padding=\u00a0\u00bb2&Prime; top_padding=\u00a0\u00bb3&Prime; bottom_padding=\u00a0\u00bb3&Prime; overlay_alpha=\u00a0\u00bb50&Prime; gutter_size=\u00a0\u00bb3&Prime; column_width_percent=\u00a0\u00bb100&Prime; shift_y=\u00a0\u00bb0&Prime; z_index=\u00a0\u00bb0&Prime; uncode_shortcode_id=\u00a0\u00bb157892&Prime;][vc_column column_width_percent=\u00a0\u00bb80&Prime; position_vertical=\u00a0\u00bbmiddle\u00a0\u00bb align_horizontal=\u00a0\u00bbalign_center\u00a0\u00bb gutter_size=\u00a0\u00bb3&Prime; overlay_alpha=\u00a0\u00bb50&Prime; shift_x=\u00a0\u00bb0&Prime; shift_y=\u00a0\u00bb0&Prime; shift_y_down=\u00a0\u00bb0&Prime; z_index=\u00a0\u00bb0&Prime; medium_width=\u00a0\u00bb0&Prime; mobile_width=\u00a0\u00bb0&Prime; width=\u00a0\u00bb1\/1&Prime; uncode_shortcode_id=\u00a0\u00bb106116&Prime;][vc_column_text uncode_shortcode_id=\u00a0\u00bb128699&Prime;]<\/p>\n<h2 style=\"text-align: center;\">Travaillez pour un changement r\u00e9el<\/h2>\n<p>[\/vc_column_text][vc_column_text uncode_shortcode_id=\u00a0\u00bb176165&Prime;]<\/p>\n<p class=\"p1\">Nous travaillons pour encourager un mod\u00e8le \u00e9nerg\u00e9tique plus durable et d\u00e9mocratique, et nous le faisons avec des valeurs issues du coop\u00e9rativisme. Chez Azimut 360, nous sommes engag\u00e9s envers un environnement de travail agr\u00e9able, o\u00f9 notre personnel peut d\u00e9velopper ses aptitudes et apporter cette valeur \u00e0 la coop\u00e9rative. Nous misons sur des environnements inclusifs et nous recherchons l&rsquo;\u00e9volution professionnelle et personnelle, en proposant des plans de formation et des mesures de conciliation.<\/p>\n<p>[\/vc_column_text][\/vc_column][\/vc_row][vc_row row_height_percent=\u00a0\u00bb0&Prime; override_padding=\u00a0\u00bbyes\u00a0\u00bb h_padding=\u00a0\u00bb2&Prime; top_padding=\u00a0\u00bb3&Prime; bottom_padding=\u00a0\u00bb3&Prime; back_color=\u00a0\u00bbcolor-182785&Prime; overlay_alpha=\u00a0\u00bb50&Prime; gutter_size=\u00a0\u00bb3&Prime; column_width_percent=\u00a0\u00bb100&Prime; shift_y=\u00a0\u00bb0&Prime; z_index=\u00a0\u00bb0&Prime; uncode_shortcode_id=\u00a0\u00bb107469&Prime; back_color_type=\u00a0\u00bbuncode-palette\u00a0\u00bb][vc_column column_width_percent=\u00a0\u00bb80&Prime; position_vertical=\u00a0\u00bbmiddle\u00a0\u00bb align_horizontal=\u00a0\u00bbalign_right\u00a0\u00bb gutter_size=\u00a0\u00bb3&Prime; style=\u00a0\u00bbdark\u00a0\u00bb overlay_alpha=\u00a0\u00bb50&Prime; shift_x=\u00a0\u00bb0&Prime; shift_y=\u00a0\u00bb0&Prime; shift_y_down=\u00a0\u00bb0&Prime; z_index=\u00a0\u00bb0&Prime; medium_width=\u00a0\u00bb0&Prime; mobile_width=\u00a0\u00bb0&Prime; width=\u00a0\u00bb1\/2&Prime; uncode_shortcode_id=\u00a0\u00bb184880&Prime;][vc_column_text uncode_shortcode_id=\u00a0\u00bb798236&Prime;]<\/p>\n<h3>Azimut 360 SCCL est une coop\u00e9rative \u00e0 but non lucratif n\u00e9e de l&rsquo;engagement \u00e0 r\u00e9pondre aux besoins \u00e9nerg\u00e9tiques gr\u00e2ce \u00e0 un mod\u00e8le durable et respectueux de l&rsquo;environnement.<\/h3>\n<p>[\/vc_column_text][\/vc_column][vc_column column_width_percent=\u00a0\u00bb100&Prime; gutter_size=\u00a0\u00bb3&Prime; style=\u00a0\u00bbdark\u00a0\u00bb overlay_alpha=\u00a0\u00bb50&Prime; shift_x=\u00a0\u00bb0&Prime; shift_y=\u00a0\u00bb0&Prime; shift_y_down=\u00a0\u00bb0&Prime; z_index=\u00a0\u00bb0&Prime; medium_width=\u00a0\u00bb0&Prime; mobile_width=\u00a0\u00bb0&Prime; width=\u00a0\u00bb1\/2&Prime; uncode_shortcode_id=\u00a0\u00bb119854&Prime;][vc_column_text uncode_shortcode_id=\u00a0\u00bb375803&Prime;]Nous sommes une ing\u00e9nierie sp\u00e9cialis\u00e9e dans l&rsquo;\u00e9laboration et la r\u00e9alisation de projets d&rsquo;\u00e9nergies renouvelables, tant en mati\u00e8re de g\u00e9n\u00e9ration que de distribution et de gestion de la consommation. L&rsquo;\u00e9quipe d&rsquo;Azimut 360 a plus de 15 ans d&rsquo;exp\u00e9rience accumul\u00e9e dans le secteur des \u00e9nergies renouvelables et a particip\u00e9 \u00e0 des projets embl\u00e9matiques et de r\u00e9f\u00e9rence dans le secteur de l&rsquo;\u00e9nergie solaire, tant pour les installations photovolta\u00efques connect\u00e9es au r\u00e9seau que pour les syst\u00e8mes autonomes d&rsquo;\u00e9lectrification rurale, tant au niveau national qu&rsquo;international.[\/vc_column_text][\/vc_column][\/vc_row][vc_row row_height_percent=\u00a0\u00bb50&Prime; back_image=\u00a0\u00bb2261&Prime; back_position=\u00a0\u00bbcenter center\u00a0\u00bb overlay_color=\u00a0\u00bbcolor-793134&Prime; overlay_alpha=\u00a0\u00bb50&Prime; overlay_color_blend=\u00a0\u00bbmultiply\u00a0\u00bb gutter_size=\u00a0\u00bb3&Prime; column_width_percent=\u00a0\u00bb100&Prime; shift_y=\u00a0\u00bb0&Prime; z_index=\u00a0\u00bb0&Prime; uncode_shortcode_id=\u00a0\u00bb111439&Prime; overlay_color_type=\u00a0\u00bbuncode-palette\u00a0\u00bb][vc_column column_width_percent=\u00a0\u00bb100&Prime; position_vertical=\u00a0\u00bbmiddle\u00a0\u00bb gutter_size=\u00a0\u00bb3&Prime; overlay_alpha=\u00a0\u00bb50&Prime; shift_x=\u00a0\u00bb0&Prime; shift_y=\u00a0\u00bb0&Prime; shift_y_down=\u00a0\u00bb0&Prime; z_index=\u00a0\u00bb0&Prime; medium_width=\u00a0\u00bb0&Prime; mobile_width=\u00a0\u00bb0&Prime; width=\u00a0\u00bb1\/1&Prime; uncode_shortcode_id=\u00a0\u00bb337819&Prime;][vc_column_text uncode_shortcode_id=\u00a0\u00bb129502&Prime;]<\/p>\n<h3 style=\"text-align: center; color: #ffffff;\">Si vous voulez faire partie de notre \u00e9quipe,<br \/>\nenvoyez votre curriculum et une lettre de motivation \u00e0<\/h3>\n<p>[\/vc_column_text]\n<div class=\"wpcf7 no-js\" id=\"wpcf7-f5123-o1\" lang=\"fr-FR\" dir=\"ltr\" data-wpcf7-id=\"5123\">\n<div class=\"screen-reader-response\"><p role=\"status\" aria-live=\"polite\" aria-atomic=\"true\"><\/p> <ul><\/ul><\/div>\n<form action=\"\/fr\/wp-json\/wp\/v2\/pages\/4410#wpcf7-f5123-o1\" method=\"post\" class=\"wpcf7-form init\" aria-label=\"Formulaire de contact\" enctype=\"multipart\/form-data\" novalidate=\"novalidate\" data-status=\"init\">\n<fieldset class=\"hidden-fields-container\"><input type=\"hidden\" name=\"_wpcf7\" value=\"5123\" \/><input type=\"hidden\" name=\"_wpcf7_version\" value=\"6.1.5\" \/><input type=\"hidden\" name=\"_wpcf7_locale\" value=\"fr_FR\" \/><input type=\"hidden\" name=\"_wpcf7_unit_tag\" value=\"wpcf7-f5123-o1\" \/><input type=\"hidden\" name=\"_wpcf7_container_post\" value=\"0\" \/><input type=\"hidden\" name=\"_wpcf7_posted_data_hash\" value=\"\" \/><input type=\"hidden\" name=\"_wpcf7cf_hidden_group_fields\" value=\"[]\" \/><input type=\"hidden\" name=\"_wpcf7cf_hidden_groups\" value=\"[]\" \/><input type=\"hidden\" name=\"_wpcf7cf_visible_groups\" value=\"[]\" \/><input type=\"hidden\" name=\"_wpcf7cf_repeaters\" value=\"[]\" \/><input type=\"hidden\" name=\"_wpcf7cf_steps\" value=\"{}\" \/><input type=\"hidden\" name=\"_wpcf7cf_options\" value=\"{&quot;form_id&quot;:5123,&quot;conditions&quot;:[],&quot;settings&quot;:{&quot;animation&quot;:&quot;yes&quot;,&quot;animation_intime&quot;:200,&quot;animation_outtime&quot;:200,&quot;conditions_ui&quot;:&quot;normal&quot;,&quot;notice_dismissed&quot;:false,&quot;notice_dismissed_rollback-cf7-5.6.4&quot;:true,&quot;notice_dismissed_rollback-cf7-5.7.2&quot;:true,&quot;notice_dismissed_rollback-cf7-5.7.4&quot;:true,&quot;notice_dismissed_rollback-cf7-5.9.4&quot;:true}}\" \/><input type=\"hidden\" name=\"_wpcf7_recaptcha_response\" value=\"\" \/>\n<\/fieldset>\n<p style=\"color: #000;\"><span class=\"wpcf7-form-control-wrap\" data-name=\"your-fullname\"><input size=\"40\" maxlength=\"400\" class=\"wpcf7-form-control wpcf7-text wpcf7-validates-as-required form-fluid\" aria-required=\"true\" aria-invalid=\"false\" placeholder=\"Nom*\" value=\"\" type=\"text\" name=\"your-fullname\" \/><\/span>\n<\/p>\n<div class=\"wpcf7-inline-wrapper\">\n\t<p class=\"wpcf7-inline-field\"><span class=\"wpcf7-form-control-wrap\" data-name=\"your-email\"><input size=\"40\" maxlength=\"400\" class=\"wpcf7-form-control wpcf7-email wpcf7-validates-as-required wpcf7-text wpcf7-validates-as-email\" aria-required=\"true\" aria-invalid=\"false\" placeholder=\"Messagerie \u00e9lectronique*\" value=\"\" type=\"email\" name=\"your-email\" \/><\/span>\n\t<\/p>\n\t<p class=\"wpcf7-inline-field\"><span class=\"wpcf7-form-control-wrap\" data-name=\"your-telephone\"><input size=\"40\" maxlength=\"400\" class=\"wpcf7-form-control wpcf7-text wpcf7-validates-as-required form-fluid\" aria-required=\"true\" aria-invalid=\"false\" placeholder=\"Num\u00e9ro de t\u00e9l\u00e9phone de la personne-ressource*\" value=\"\" type=\"text\" name=\"your-telephone\" \/><\/span>\n\t<\/p>\n<\/div>\n<p style=\"color: #fff;\">Joindre votre lettre de motivation (Fichiers docs, pdf, rtf. M\u00e1xim 5Mb):\n<\/p>\n<p><span class=\"wpcf7-form-control-wrap\" data-name=\"Motivacio\"><input size=\"40\" class=\"wpcf7-form-control wpcf7-file\" accept=\".pdf,.docs,.doc,.rtf\" aria-invalid=\"false\" type=\"file\" name=\"Motivacio\" \/><\/span>\n<\/p>\n<p style=\"color: #fff;\">Joignez votre document CV (Fixters docs, pdf, rtf. M\u00e1xim 5Mb):\n<\/p>\n<p><span class=\"wpcf7-form-control-wrap\" data-name=\"CV\"><input size=\"40\" class=\"wpcf7-form-control wpcf7-file\" accept=\".pdf,.docs,.doc,.rtf\" aria-invalid=\"false\" type=\"file\" name=\"CV\" \/><\/span>\n<\/p>\n<p style=\"color: #000;><span class=\"wpcf7-form-control-wrap\" data-name=\"your-message\"><textarea cols=\"40\" rows=\"8\" maxlength=\"2000\" class=\"wpcf7-form-control wpcf7-textarea\" aria-invalid=\"false\" placeholder=\"R\u00e9troaction\" name=\"your-message\"><\/textarea><\/span>\n<\/p>\n<p style=\"color: #fff;\">Acord RGPD *\n<\/p>\n<p style=\"color: #fff;\"><span class=\"wpcf7-form-control-wrap\" data-name=\"your-consent\"><span class=\"wpcf7-form-control wpcf7-acceptance\"><span class=\"wpcf7-list-item\"><label><input type=\"checkbox\" name=\"your-consent\" value=\"1\" aria-invalid=\"false\" \/><span class=\"wpcf7-list-item-label\">J'accepte la politique de confidentialit\u00e9 (*)<\/span><\/label><\/span><\/span><\/span>\n<\/p>\n<p style=\"color: #fff;\"><span class=\"wpcf7-form-control-wrap\" data-name=\"your-consent\"><span class=\"wpcf7-form-control wpcf7-acceptance\"><span class=\"wpcf7-list-item\"><input type=\"checkbox\" name=\"your-consent\" value=\"1\" aria-invalid=\"false\" \/><\/span><\/span><\/span> J'accepte que ce site Web stocke les informations soumises afin qu'il puisse r\u00e9pondre \u00e0 ma demande.\n<\/p>\n<p style=\"font-size:10px; color: #fff;\">Responsable : AZIMUT 360, S.C.C.L. Objectif : Fournir les services demand\u00e9s et envoyer des communications commerciales. Droits : Vous disposez d'un droit d'acc\u00e8s, de rectification et de suppression des donn\u00e9es, ainsi que d'autres droits, indiqu\u00e9s dans les informations compl\u00e9mentaires, que vous pouvez exercer en contactant lopd@azimut360.coop. Information additionnelle: <a target=\"blank\" href=\"https:\/\/azimut360.coop\/fr\/politique-de-confidentialite\/\">politique de confidentialit\u00e9<\/a>\n<\/p>\n<p><input class=\"wpcf7-form-control wpcf7-submit has-spinner btn btn-accent\" type=\"submit\" value=\"Envoyer\" \/>\n<\/p><div class=\"wpcf7-response-output\" aria-hidden=\"true\"><\/div>\n<\/form>\n<\/div>\n[\/vc_column][\/vc_row]<\/p>\n<\/div>","protected":false},"excerpt":{"rendered":"<p>[vc_row row_height_percent=\u00a0\u00bb0&Prime; override_padding=\u00a0\u00bbyes\u00a0\u00bb h_padding=\u00a0\u00bb2&Prime; top_padding=\u00a0\u00bb3&Prime; bottom_padding=\u00a0\u00bb3&Prime; overlay_alpha=\u00a0\u00bb50&Prime; gutter_size=\u00a0\u00bb3&Prime; column_width_percent=\u00a0\u00bb100&Prime; shift_y=\u00a0\u00bb0&Prime; z_index=\u00a0\u00bb0&Prime; uncode_shortcode_id=\u00a0\u00bb157892&Prime;][vc_column column_width_percent=\u00a0\u00bb80&Prime; position_vertical=\u00a0\u00bbmiddle\u00a0\u00bb align_horizontal=\u00a0\u00bbalign_center\u00a0\u00bb gutter_size=\u00a0\u00bb3&Prime; overlay_alpha=\u00a0\u00bb50&Prime; shift_x=\u00a0\u00bb0&Prime; shift_y=\u00a0\u00bb0&Prime; shift_y_down=\u00a0\u00bb0&Prime; [&hellip;]<\/p>\n","protected":false},"author":1,"featured_media":0,"parent":0,"menu_order":0,"comment_status":"closed","ping_status":"closed","template":"","meta":{"footnotes":""},"class_list":["post-4410","page","type-page","status-publish","hentry"],"yoast_head":"<!-- This site is optimized with the Yoast SEO plugin v27.4 - https:\/\/yoast.com\/product\/yoast-seo-wordpress\/ -->\n<title>Travaille avec Nous - Azimut 360 Energia Solar Cooperativa<\/title>\n<meta name=\"description\" content=\"Nous travaillons pour encourager un mod\u00e8le \u00e9nerg\u00e9tique plus durable et d\u00e9mocratique, et nous le faisons avec des valeurs issues du coop\u00e9rativisme. Chez Azimut 360, nous sommes engag\u00e9s envers un environnement de travail agr\u00e9able, o\u00f9 notre personnel peut d\u00e9velopper ses aptitudes et apporter cette valeur \u00e0 la coop\u00e9rative. Nous misons sur des environnements inclusifs et nous recherchons l&#039;\u00e9volution professionnelle et personnelle, en proposant des plans de formation et des mesures de conciliation.\" \/>\n<meta name=\"robots\" content=\"index, follow, max-snippet:-1, max-image-preview:large, max-video-preview:-1\" \/>\n<link rel=\"canonical\" href=\"https:\/\/azimut360.coop\/fr\/travaille-avec-nous\/\" \/>\n<meta property=\"og:locale\" content=\"fr_FR\" \/>\n<meta property=\"og:type\" content=\"article\" \/>\n<meta property=\"og:title\" content=\"Travaille avec Nous - Azimut 360 Energia Solar Cooperativa\" \/>\n<meta property=\"og:description\" content=\"Nous travaillons pour encourager un mod\u00e8le \u00e9nerg\u00e9tique plus durable et d\u00e9mocratique, et nous le faisons avec des valeurs issues du coop\u00e9rativisme. Chez Azimut 360, nous sommes engag\u00e9s envers un environnement de travail agr\u00e9able, o\u00f9 notre personnel peut d\u00e9velopper ses aptitudes et apporter cette valeur \u00e0 la coop\u00e9rative. Nous misons sur des environnements inclusifs et nous recherchons l&#039;\u00e9volution professionnelle et personnelle, en proposant des plans de formation et des mesures de conciliation.\" \/>\n<meta property=\"og:url\" content=\"https:\/\/azimut360.coop\/fr\/travaille-avec-nous\/\" \/>\n<meta property=\"og:site_name\" content=\"Azimut 360 Energia Solar Cooperativa\" \/>\n<meta property=\"article:publisher\" content=\"https:\/\/es-es.facebook.com\/azimut360sccl\/\" \/>\n<meta property=\"article:modified_time\" content=\"2024-04-08T09:58:32+00:00\" \/>\n<meta name=\"twitter:card\" content=\"summary_large_image\" \/>\n<meta name=\"twitter:site\" content=\"@azimut360world\" \/>\n<meta name=\"twitter:label1\" content=\"Dur\u00e9e de lecture estim\u00e9e\" \/>\n\t<meta name=\"twitter:data1\" content=\"2 minutes\" \/>\n<script type=\"application\/ld+json\" class=\"yoast-schema-graph\">{\"@context\":\"https:\\\/\\\/schema.org\",\"@graph\":[{\"@type\":\"WebPage\",\"@id\":\"https:\\\/\\\/azimut360.coop\\\/fr\\\/travaille-avec-nous\\\/\",\"url\":\"https:\\\/\\\/azimut360.coop\\\/fr\\\/travaille-avec-nous\\\/\",\"name\":\"Travaille avec Nous - Azimut 360 Energia Solar Cooperativa\",\"isPartOf\":{\"@id\":\"https:\\\/\\\/azimut360.coop\\\/en\\\/#website\"},\"datePublished\":\"2022-09-19T10:11:00+00:00\",\"dateModified\":\"2024-04-08T09:58:32+00:00\",\"description\":\"Nous travaillons pour encourager un mod\u00e8le \u00e9nerg\u00e9tique plus durable et d\u00e9mocratique, et nous le faisons avec des valeurs issues du coop\u00e9rativisme. Chez Azimut 360, nous sommes engag\u00e9s envers un environnement de travail agr\u00e9able, o\u00f9 notre personnel peut d\u00e9velopper ses aptitudes et apporter cette valeur \u00e0 la coop\u00e9rative. Nous misons sur des environnements inclusifs et nous recherchons l'\u00e9volution professionnelle et personnelle, en proposant des plans de formation et des mesures de conciliation.\",\"breadcrumb\":{\"@id\":\"https:\\\/\\\/azimut360.coop\\\/fr\\\/travaille-avec-nous\\\/#breadcrumb\"},\"inLanguage\":\"fr-FR\",\"potentialAction\":[{\"@type\":\"ReadAction\",\"target\":[\"https:\\\/\\\/azimut360.coop\\\/fr\\\/travaille-avec-nous\\\/\"]}]},{\"@type\":\"BreadcrumbList\",\"@id\":\"https:\\\/\\\/azimut360.coop\\\/fr\\\/travaille-avec-nous\\\/#breadcrumb\",\"itemListElement\":[{\"@type\":\"ListItem\",\"position\":1,\"name\":\"Inici\",\"item\":\"https:\\\/\\\/azimut360.coop\\\/fr\\\/\"},{\"@type\":\"ListItem\",\"position\":2,\"name\":\"Travaille avec Nous\"}]},{\"@type\":\"WebSite\",\"@id\":\"https:\\\/\\\/azimut360.coop\\\/en\\\/#website\",\"url\":\"https:\\\/\\\/azimut360.coop\\\/en\\\/\",\"name\":\"Azimut 360 Energia Solar Cooperativa\",\"description\":\"Enginyeria \u00b7 Sostenibilitat \u00b7 Desenvolupament\",\"publisher\":{\"@id\":\"https:\\\/\\\/azimut360.coop\\\/en\\\/#organization\"},\"potentialAction\":[{\"@type\":\"SearchAction\",\"target\":{\"@type\":\"EntryPoint\",\"urlTemplate\":\"https:\\\/\\\/azimut360.coop\\\/en\\\/?s={search_term_string}\"},\"query-input\":{\"@type\":\"PropertyValueSpecification\",\"valueRequired\":true,\"valueName\":\"search_term_string\"}}],\"inLanguage\":\"fr-FR\"},{\"@type\":\"Organization\",\"@id\":\"https:\\\/\\\/azimut360.coop\\\/en\\\/#organization\",\"name\":\"Azimut 360 Energia Solar Cooperativa\",\"url\":\"https:\\\/\\\/azimut360.coop\\\/en\\\/\",\"logo\":{\"@type\":\"ImageObject\",\"inLanguage\":\"fr-FR\",\"@id\":\"https:\\\/\\\/azimut360.coop\\\/en\\\/#\\\/schema\\\/logo\\\/image\\\/\",\"url\":\"https:\\\/\\\/azimut360.coop\\\/wp-content\\\/uploads\\\/2021\\\/08\\\/azimut-energia-solar.svg\",\"contentUrl\":\"https:\\\/\\\/azimut360.coop\\\/wp-content\\\/uploads\\\/2021\\\/08\\\/azimut-energia-solar.svg\",\"width\":\"250\",\"height\":\"40\",\"caption\":\"Azimut 360 Energia Solar Cooperativa\"},\"image\":{\"@id\":\"https:\\\/\\\/azimut360.coop\\\/en\\\/#\\\/schema\\\/logo\\\/image\\\/\"},\"sameAs\":[\"https:\\\/\\\/es-es.facebook.com\\\/azimut360sccl\\\/\",\"https:\\\/\\\/x.com\\\/azimut360world\",\"https:\\\/\\\/www.facebook.com\\\/people\\\/Azimut-360-World\\\/100083520168210\\\/\",\"https:\\\/\\\/twitter.com\\\/Azimut360coop\",\"https:\\\/\\\/instagram.com\\\/azimut360coop\\\/\",\"https:\\\/\\\/instagram.com\\\/azimut360_international\\\/\",\"https:\\\/\\\/www.linkedin.com\\\/company\\\/azimut360\\\/\",\"https:\\\/\\\/www.youtube.com\\\/@Azimut360coop\"]}]}<\/script>\n<!-- \/ Yoast SEO plugin. -->","yoast_head_json":{"title":"Travaille avec Nous - Azimut 360 Energia Solar Cooperativa","description":"Nous travaillons pour encourager un mod\u00e8le \u00e9nerg\u00e9tique plus durable et d\u00e9mocratique, et nous le faisons avec des valeurs issues du coop\u00e9rativisme. Chez Azimut 360, nous sommes engag\u00e9s envers un environnement de travail agr\u00e9able, o\u00f9 notre personnel peut d\u00e9velopper ses aptitudes et apporter cette valeur \u00e0 la coop\u00e9rative. Nous misons sur des environnements inclusifs et nous recherchons l'\u00e9volution professionnelle et personnelle, en proposant des plans de formation et des mesures de conciliation.","robots":{"index":"index","follow":"follow","max-snippet":"max-snippet:-1","max-image-preview":"max-image-preview:large","max-video-preview":"max-video-preview:-1"},"canonical":"https:\/\/azimut360.coop\/fr\/travaille-avec-nous\/","og_locale":"fr_FR","og_type":"article","og_title":"Travaille avec Nous - Azimut 360 Energia Solar Cooperativa","og_description":"Nous travaillons pour encourager un mod\u00e8le \u00e9nerg\u00e9tique plus durable et d\u00e9mocratique, et nous le faisons avec des valeurs issues du coop\u00e9rativisme. Chez Azimut 360, nous sommes engag\u00e9s envers un environnement de travail agr\u00e9able, o\u00f9 notre personnel peut d\u00e9velopper ses aptitudes et apporter cette valeur \u00e0 la coop\u00e9rative. Nous misons sur des environnements inclusifs et nous recherchons l'\u00e9volution professionnelle et personnelle, en proposant des plans de formation et des mesures de conciliation.","og_url":"https:\/\/azimut360.coop\/fr\/travaille-avec-nous\/","og_site_name":"Azimut 360 Energia Solar Cooperativa","article_publisher":"https:\/\/es-es.facebook.com\/azimut360sccl\/","article_modified_time":"2024-04-08T09:58:32+00:00","twitter_card":"summary_large_image","twitter_site":"@azimut360world","twitter_misc":{"Dur\u00e9e de lecture estim\u00e9e":"2 minutes"},"schema":{"@context":"https:\/\/schema.org","@graph":[{"@type":"WebPage","@id":"https:\/\/azimut360.coop\/fr\/travaille-avec-nous\/","url":"https:\/\/azimut360.coop\/fr\/travaille-avec-nous\/","name":"Travaille avec Nous - Azimut 360 Energia Solar Cooperativa","isPartOf":{"@id":"https:\/\/azimut360.coop\/en\/#website"},"datePublished":"2022-09-19T10:11:00+00:00","dateModified":"2024-04-08T09:58:32+00:00","description":"Nous travaillons pour encourager un mod\u00e8le \u00e9nerg\u00e9tique plus durable et d\u00e9mocratique, et nous le faisons avec des valeurs issues du coop\u00e9rativisme. Chez Azimut 360, nous sommes engag\u00e9s envers un environnement de travail agr\u00e9able, o\u00f9 notre personnel peut d\u00e9velopper ses aptitudes et apporter cette valeur \u00e0 la coop\u00e9rative. Nous misons sur des environnements inclusifs et nous recherchons l'\u00e9volution professionnelle et personnelle, en proposant des plans de formation et des mesures de conciliation.","breadcrumb":{"@id":"https:\/\/azimut360.coop\/fr\/travaille-avec-nous\/#breadcrumb"},"inLanguage":"fr-FR","potentialAction":[{"@type":"ReadAction","target":["https:\/\/azimut360.coop\/fr\/travaille-avec-nous\/"]}]},{"@type":"BreadcrumbList","@id":"https:\/\/azimut360.coop\/fr\/travaille-avec-nous\/#breadcrumb","itemListElement":[{"@type":"ListItem","position":1,"name":"Inici","item":"https:\/\/azimut360.coop\/fr\/"},{"@type":"ListItem","position":2,"name":"Travaille avec Nous"}]},{"@type":"WebSite","@id":"https:\/\/azimut360.coop\/en\/#website","url":"https:\/\/azimut360.coop\/en\/","name":"Azimut 360 Energia Solar Cooperativa","description":"Enginyeria \u00b7 Sostenibilitat \u00b7 Desenvolupament","publisher":{"@id":"https:\/\/azimut360.coop\/en\/#organization"},"potentialAction":[{"@type":"SearchAction","target":{"@type":"EntryPoint","urlTemplate":"https:\/\/azimut360.coop\/en\/?s={search_term_string}"},"query-input":{"@type":"PropertyValueSpecification","valueRequired":true,"valueName":"search_term_string"}}],"inLanguage":"fr-FR"},{"@type":"Organization","@id":"https:\/\/azimut360.coop\/en\/#organization","name":"Azimut 360 Energia Solar Cooperativa","url":"https:\/\/azimut360.coop\/en\/","logo":{"@type":"ImageObject","inLanguage":"fr-FR","@id":"https:\/\/azimut360.coop\/en\/#\/schema\/logo\/image\/","url":"https:\/\/azimut360.coop\/wp-content\/uploads\/2021\/08\/azimut-energia-solar.svg","contentUrl":"https:\/\/azimut360.coop\/wp-content\/uploads\/2021\/08\/azimut-energia-solar.svg","width":"250","height":"40","caption":"Azimut 360 Energia Solar Cooperativa"},"image":{"@id":"https:\/\/azimut360.coop\/en\/#\/schema\/logo\/image\/"},"sameAs":["https:\/\/es-es.facebook.com\/azimut360sccl\/","https:\/\/x.com\/azimut360world","https:\/\/www.facebook.com\/people\/Azimut-360-World\/100083520168210\/","https:\/\/twitter.com\/Azimut360coop","https:\/\/instagram.com\/azimut360coop\/","https:\/\/instagram.com\/azimut360_international\/","https:\/\/www.linkedin.com\/company\/azimut360\/","https:\/\/www.youtube.com\/@Azimut360coop"]}]}},"_links":{"self":[{"href":"https:\/\/azimut360.coop\/fr\/wp-json\/wp\/v2\/pages\/4410","targetHints":{"allow":["GET"]}}],"collection":[{"href":"https:\/\/azimut360.coop\/fr\/wp-json\/wp\/v2\/pages"}],"about":[{"href":"https:\/\/azimut360.coop\/fr\/wp-json\/wp\/v2\/types\/page"}],"author":[{"embeddable":true,"href":"https:\/\/azimut360.coop\/fr\/wp-json\/wp\/v2\/users\/1"}],"replies":[{"embeddable":true,"href":"https:\/\/azimut360.coop\/fr\/wp-json\/wp\/v2\/comments?post=4410"}],"version-history":[{"count":4,"href":"https:\/\/azimut360.coop\/fr\/wp-json\/wp\/v2\/pages\/4410\/revisions"}],"predecessor-version":[{"id":8272,"href":"https:\/\/azimut360.coop\/fr\/wp-json\/wp\/v2\/pages\/4410\/revisions\/8272"}],"wp:attachment":[{"href":"https:\/\/azimut360.coop\/fr\/wp-json\/wp\/v2\/media?parent=4410"}],"curies":[{"name":"wp","href":"https:\/\/api.w.org\/{rel}","templated":true}]}}