{"id":3883,"date":"2022-07-18T07:33:33","date_gmt":"2022-07-18T06:33:33","guid":{"rendered":"https:\/\/azimut360.coop\/administracio-publica\/"},"modified":"2023-01-08T11:12:58","modified_gmt":"2023-01-08T10:12:58","slug":"administration-publique","status":"publish","type":"page","link":"https:\/\/azimut360.coop\/fr\/administration-publique\/","title":{"rendered":"Administration Publique"},"content":{"rendered":"<div class=\"wpb-content-wrapper\"><p>[vc_row row_height_percent=\u00a0\u00bb0&Prime; override_padding=\u00a0\u00bbyes\u00a0\u00bb h_padding=\u00a0\u00bb2&Prime; top_padding=\u00a0\u00bb3&Prime; bottom_padding=\u00a0\u00bb3&Prime; overlay_alpha=\u00a0\u00bb50&Prime; gutter_size=\u00a0\u00bb3&Prime; column_width_percent=\u00a0\u00bb100&Prime; shift_y=\u00a0\u00bb0&Prime; z_index=\u00a0\u00bb0&Prime; uncode_shortcode_id=\u00a0\u00bb205786&Prime;][vc_column column_width_percent=\u00a0\u00bb100&Prime; position_vertical=\u00a0\u00bbmiddle\u00a0\u00bb align_horizontal=\u00a0\u00bbalign_center\u00a0\u00bb gutter_size=\u00a0\u00bb3&Prime; overlay_alpha=\u00a0\u00bb50&Prime; shift_x=\u00a0\u00bb0&Prime; shift_y=\u00a0\u00bb0&Prime; shift_y_down=\u00a0\u00bb0&Prime; z_index=\u00a0\u00bb0&Prime; medium_width=\u00a0\u00bb0&Prime; mobile_width=\u00a0\u00bb0&Prime; width=\u00a0\u00bb1\/1&Prime; uncode_shortcode_id=\u00a0\u00bb161692&Prime;][vc_column_text uncode_shortcode_id=\u00a0\u00bb307663&Prime;]<\/p>\n<h2 style=\"text-align: center;\"><strong><span style=\"color: #333333;\">+ durabilit\u00e9 + efficacit\u00e9 + \u00e9conomie<\/span><\/strong><\/h2>\n<h3 style=\"text-align: center;\">La lutte contre le changement climatique est une priorit\u00e9, c&rsquo;est pourquoi nous apportons notre aide \u00e0 l&rsquo;administration publique sur le chemin de la transition \u00e9nerg\u00e9tique.<\/h3>\n<p>[\/vc_column_text][\/vc_column][\/vc_row][vc_row row_height_percent=\u00a0\u00bb0&Prime; override_padding=\u00a0\u00bbyes\u00a0\u00bb h_padding=\u00a0\u00bb2&Prime; top_padding=\u00a0\u00bb3&Prime; bottom_padding=\u00a0\u00bb3&Prime; back_color=\u00a0\u00bbcolor-lxmt\u00a0\u00bb overlay_alpha=\u00a0\u00bb50&Prime; gutter_size=\u00a0\u00bb3&Prime; column_width_percent=\u00a0\u00bb100&Prime; shift_y=\u00a0\u00bb0&Prime; z_index=\u00a0\u00bb0&Prime; uncode_shortcode_id=\u00a0\u00bb922266&Prime; back_color_type=\u00a0\u00bbuncode-palette\u00a0\u00bb][vc_column column_width_percent=\u00a0\u00bb75&Prime; position_vertical=\u00a0\u00bbmiddle\u00a0\u00bb gutter_size=\u00a0\u00bb3&Prime; overlay_alpha=\u00a0\u00bb50&Prime; shift_x=\u00a0\u00bb0&Prime; shift_y=\u00a0\u00bb0&Prime; shift_y_down=\u00a0\u00bb0&Prime; z_index=\u00a0\u00bb0&Prime; medium_width=\u00a0\u00bb0&Prime; mobile_width=\u00a0\u00bb0&Prime; width=\u00a0\u00bb1\/1&Prime; uncode_shortcode_id=\u00a0\u00bb197986&Prime;][vc_column_text uncode_shortcode_id=\u00a0\u00bb413252&Prime;]Les institutions sont des agents des mutations sociales d&rsquo;avant-garde dans le changement de mod\u00e8le \u00e9nerg\u00e9tique, c&rsquo;est pourquoi notre \u00e9quipe d&rsquo;ing\u00e9nieurs travaille conjointement avec les Municipalit\u00e9s, les D\u00e9putations et autres organes publics afin de promouvoir \u00e9galement la transition \u00e9nerg\u00e9tique des institutions.<\/p>\n<p>L&rsquo;exp\u00e9rience de notre \u00e9quipe d&rsquo;ing\u00e9nieurs est importante dans le secteur public. Au cours de sa trajectoire dans le secteur, ils ont r\u00e9alis\u00e9 des projets dans des b\u00e2timents embl\u00e9matiques de l&rsquo;administration.<\/p>\n<p>Nous \u00e9laborons des projets adapt\u00e9s aux besoins de chaque institution. Nous apportons de la versatilit\u00e9 aux projets, les meilleures garanties et nous respectons les d\u00e9lais.[\/vc_column_text][\/vc_column][\/vc_row][vc_row row_height_percent=\u00a0\u00bb0&Prime; override_padding=\u00a0\u00bbyes\u00a0\u00bb h_padding=\u00a0\u00bb2&Prime; top_padding=\u00a0\u00bb3&Prime; bottom_padding=\u00a0\u00bb3&Prime; back_color=\u00a0\u00bbcolor-720993&Prime; overlay_alpha=\u00a0\u00bb50&Prime; gutter_size=\u00a0\u00bb3&Prime; column_width_percent=\u00a0\u00bb100&Prime; shift_y=\u00a0\u00bb0&Prime; z_index=\u00a0\u00bb0&Prime; uncode_shortcode_id=\u00a0\u00bb707479&Prime; back_color_type=\u00a0\u00bbuncode-palette\u00a0\u00bb][vc_column column_width_percent=\u00a0\u00bb85&Prime; position_vertical=\u00a0\u00bbmiddle\u00a0\u00bb align_horizontal=\u00a0\u00bbalign_center\u00a0\u00bb gutter_size=\u00a0\u00bb3&Prime; overlay_alpha=\u00a0\u00bb50&Prime; shift_x=\u00a0\u00bb0&Prime; shift_y=\u00a0\u00bb0&Prime; shift_y_down=\u00a0\u00bb0&Prime; z_index=\u00a0\u00bb0&Prime; medium_width=\u00a0\u00bb0&Prime; mobile_width=\u00a0\u00bb0&Prime; width=\u00a0\u00bb1\/1&Prime; uncode_shortcode_id=\u00a0\u00bb174405&Prime;][vc_custom_heading uncode_shortcode_id=\u00a0\u00bb532385&Prime;]<\/p>\n<h2 style=\"text-align: center;\">Services aux Institutions et l&rsquo;Administration publique<\/h2>\n<p>[\/vc_custom_heading][vc_row_inner][vc_column_inner column_width_percent=\u00a0\u00bb100&Prime; gutter_size=\u00a0\u00bb3&Prime; overlay_alpha=\u00a0\u00bb50&Prime; shift_x=\u00a0\u00bb0&Prime; shift_y=\u00a0\u00bb0&Prime; shift_y_down=\u00a0\u00bb0&Prime; z_index=\u00a0\u00bb0&Prime; medium_width=\u00a0\u00bb0&Prime; mobile_width=\u00a0\u00bb0&Prime; width=\u00a0\u00bb1\/2&Prime; uncode_shortcode_id=\u00a0\u00bb172295&Prime;][uncode_list icon=\u00a0\u00bbfa fa-check\u00a0\u00bb icon_color=\u00a0\u00bbaccent\u00a0\u00bb uncode_shortcode_id=\u00a0\u00bb119452&Prime; icon_color_type=\u00a0\u00bbuncode-palette\u00a0\u00bb]<\/p>\n<ul>\n<li>Des projets cl\u00e9s en main en \u00e9nergie solaire photovolta\u00efque<\/li>\n<li>Conception et r\u00e9daction de projets<\/li>\n<li>Consultant en \u00e9nergie et audits techniques<\/li>\n<li>Directions sp\u00e9cialement d\u00e9di\u00e9es<\/li>\n<\/ul>\n<p>[\/uncode_list][\/vc_column_inner][vc_column_inner width=\u00a0\u00bb1\/2&Prime;][uncode_list icon=\u00a0\u00bbfa fa-check\u00a0\u00bb icon_color=\u00a0\u00bbaccent\u00a0\u00bb uncode_shortcode_id=\u00a0\u00bb720616&Prime; icon_color_type=\u00a0\u00bbuncode-palette\u00a0\u00bb]<\/p>\n<ul>\n<li>\u00c9tudes de viabilit\u00e9 \u00e9conomique et de financement<\/li>\n<li>Gestion des subventions<\/li>\n<li>Maintenance et apr\u00e8s-vente<\/li>\n<li>Formation et perfectionnement<\/li>\n<\/ul>\n<p>[\/uncode_list][\/vc_column_inner][\/vc_row_inner][\/vc_column][\/vc_row][vc_row unlock_row_content=\u00a0\u00bbyes\u00a0\u00bb row_height_percent=\u00a0\u00bb0&Prime; override_padding=\u00a0\u00bbyes\u00a0\u00bb h_padding=\u00a0\u00bb2&Prime; top_padding=\u00a0\u00bb3&Prime; bottom_padding=\u00a0\u00bb3&Prime; back_color=\u00a0\u00bbcolor-xsdn\u00a0\u00bb overlay_alpha=\u00a0\u00bb50&Prime; gutter_size=\u00a0\u00bb3&Prime; column_width_percent=\u00a0\u00bb100&Prime; shift_y=\u00a0\u00bb0&Prime; z_index=\u00a0\u00bb0&Prime; uncode_shortcode_id=\u00a0\u00bb420432&Prime; back_color_type=\u00a0\u00bbuncode-palette\u00a0\u00bb][vc_column column_width_percent=\u00a0\u00bb100&Prime; position_vertical=\u00a0\u00bbmiddle\u00a0\u00bb align_horizontal=\u00a0\u00bbalign_center\u00a0\u00bb gutter_size=\u00a0\u00bb3&Prime; overlay_alpha=\u00a0\u00bb50&Prime; shift_x=\u00a0\u00bb0&Prime; shift_y=\u00a0\u00bb0&Prime; shift_y_down=\u00a0\u00bb0&Prime; z_index=\u00a0\u00bb0&Prime; medium_width=\u00a0\u00bb0&Prime; mobile_width=\u00a0\u00bb0&Prime; width=\u00a0\u00bb1\/1&Prime; uncode_shortcode_id=\u00a0\u00bb161692&Prime;][vc_column_text uncode_shortcode_id=\u00a0\u00bb914398&Prime;]<\/p>\n<h2 style=\"text-align: center;\">Projets<\/h2>\n<p>[\/vc_column_text][vc_empty_space empty_h=\u00a0\u00bb2&Prime;][uncode_index el_id=\u00a0\u00bbindex-597565&Prime; isotope_mode=\u00a0\u00bbfitRows\u00a0\u00bb loop=\u00a0\u00bbsize:3|order_by:date|post_type:portfolio|by_id:1738,1720,1767|taxonomy_count:10&Prime; screen_lg=\u00a0\u00bb1000&Prime; screen_md=\u00a0\u00bb600&Prime; screen_sm=\u00a0\u00bb480&Prime; gutter_size=\u00a0\u00bb3&Prime; post_items=\u00a0\u00bbdate,media|featured|onpost|original,title,category|nobg|relative|hide-icon,text|excerpt|150,link|round|small_size|Llegir m\u00e9s\u00a0\u00bb portfolio_items=\u00a0\u00bbmedia|featured|onpost|original,title,text|excerpt|165&Prime; single_overlay_opacity=\u00a0\u00bb50&Prime; single_padding=\u00a0\u00bb2&Prime; single_title_semantic=\u00a0\u00bbh4&Prime; single_title_family=\u00a0\u00bbfont-140556&Prime; single_title_dimension=\u00a0\u00bbh4&Prime; single_title_weight=\u00a0\u00bb300&Prime; uncode_shortcode_id=\u00a0\u00bb166202&Prime;][vc_button button_color=\u00a0\u00bbcolor-182785&Prime; size=\u00a0\u00bbbtn-xl\u00a0\u00bb border_width=\u00a0\u00bb0&Prime; link=\u00a0\u00bburl:https%3A%2F%2Fazimut360.coop%2Fprojectes-energia-solar%2F|title:projectes%20energia%20solar\u00a0\u00bb button_color_type=\u00a0\u00bbuncode-palette\u00a0\u00bb uncode_shortcode_id=\u00a0\u00bb911177&Prime;]Voir plus de projets[\/vc_button][\/vc_column][\/vc_row][vc_row row_height_percent=\u00a0\u00bb50&Prime; back_image=\u00a0\u00bb1257&Prime; back_position=\u00a0\u00bbcenter center\u00a0\u00bb overlay_color=\u00a0\u00bbcolor-793134&Prime; overlay_alpha=\u00a0\u00bb50&Prime; overlay_color_blend=\u00a0\u00bbmultiply\u00a0\u00bb gutter_size=\u00a0\u00bb3&Prime; column_width_percent=\u00a0\u00bb100&Prime; shift_y=\u00a0\u00bb0&Prime; z_index=\u00a0\u00bb0&Prime; uncode_shortcode_id=\u00a0\u00bb313032&Prime; overlay_color_type=\u00a0\u00bbuncode-palette\u00a0\u00bb][vc_column column_width_percent=\u00a0\u00bb100&Prime; position_vertical=\u00a0\u00bbmiddle\u00a0\u00bb align_horizontal=\u00a0\u00bbalign_center\u00a0\u00bb gutter_size=\u00a0\u00bb3&Prime; overlay_alpha=\u00a0\u00bb50&Prime; shift_x=\u00a0\u00bb0&Prime; shift_y=\u00a0\u00bb0&Prime; shift_y_down=\u00a0\u00bb0&Prime; z_index=\u00a0\u00bb0&Prime; medium_width=\u00a0\u00bb0&Prime; mobile_width=\u00a0\u00bb0&Prime; width=\u00a0\u00bb1\/1&Prime; uncode_shortcode_id=\u00a0\u00bb933880&Prime;][vc_column_text uncode_shortcode_id=\u00a0\u00bb172910&Prime;]<\/p>\n<h3 style=\"text-align: center; color: #ffffff;\">Il existe de nombreuses fa\u00e7ons de faire de la lumi\u00e8re&#8230;<\/h3>\n<h1 style=\"text-align: center; color: #ffffff;\">Passez \u00e0 l&rsquo;autoconsommation et additionnez !<\/h1>\n<p>[\/vc_column_text][vc_button button_color=\u00a0\u00bbcolor-xsdn\u00a0\u00bb radius=\u00a0\u00bbbtn-circle\u00a0\u00bb hover_fx=\u00a0\u00bboutlined\u00a0\u00bb custom_typo=\u00a0\u00bbyes\u00a0\u00bb font_family=\u00a0\u00bbfont-140667&Prime; font_weight=\u00a0\u00bb600&Prime; border_width=\u00a0\u00bb0&Prime; link=\u00a0\u00bburl:https%3A%2F%2Fazimut360.coop%2Fcontacte%2F|title:contacte\u00a0\u00bb button_color_type=\u00a0\u00bbuncode-palette\u00a0\u00bb uncode_shortcode_id=\u00a0\u00bb655793&Prime;]Nous contacter![\/vc_button][\/vc_column][\/vc_row]<\/p>\n<\/div>","protected":false},"excerpt":{"rendered":"<p>[vc_row row_height_percent=\u00a0\u00bb0&Prime; override_padding=\u00a0\u00bbyes\u00a0\u00bb h_padding=\u00a0\u00bb2&Prime; top_padding=\u00a0\u00bb3&Prime; bottom_padding=\u00a0\u00bb3&Prime; overlay_alpha=\u00a0\u00bb50&Prime; gutter_size=\u00a0\u00bb3&Prime; column_width_percent=\u00a0\u00bb100&Prime; shift_y=\u00a0\u00bb0&Prime; z_index=\u00a0\u00bb0&Prime; uncode_shortcode_id=\u00a0\u00bb205786&Prime;][vc_column column_width_percent=\u00a0\u00bb100&Prime; position_vertical=\u00a0\u00bbmiddle\u00a0\u00bb align_horizontal=\u00a0\u00bbalign_center\u00a0\u00bb gutter_size=\u00a0\u00bb3&Prime; overlay_alpha=\u00a0\u00bb50&Prime; shift_x=\u00a0\u00bb0&Prime; shift_y=\u00a0\u00bb0&Prime; shift_y_down=\u00a0\u00bb0&Prime; [&hellip;]<\/p>\n","protected":false},"author":1,"featured_media":0,"parent":0,"menu_order":0,"comment_status":"closed","ping_status":"closed","template":"","meta":{"footnotes":""},"class_list":["post-3883","page","type-page","status-publish","hentry"],"yoast_head":"<!-- This site is optimized with the Yoast SEO plugin v27.4 - https:\/\/yoast.com\/product\/yoast-seo-wordpress\/ -->\n<title>Administration Publique - Azimut 360 Energia Solar Cooperativa<\/title>\n<meta name=\"robots\" content=\"index, follow, max-snippet:-1, max-image-preview:large, max-video-preview:-1\" \/>\n<link rel=\"canonical\" href=\"https:\/\/azimut360.coop\/administracio-publica\/\" \/>\n<meta property=\"og:locale\" content=\"fr_FR\" \/>\n<meta property=\"og:type\" content=\"article\" \/>\n<meta property=\"og:title\" content=\"Administration Publique - Azimut 360 Energia Solar Cooperativa\" \/>\n<meta property=\"og:description\" content=\"[vc_row row_height_percent=\u00a0\u00bb0&Prime; override_padding=\u00a0\u00bbyes\u00a0\u00bb h_padding=\u00a0\u00bb2&Prime; top_padding=\u00a0\u00bb3&Prime; bottom_padding=\u00a0\u00bb3&Prime; overlay_alpha=\u00a0\u00bb50&Prime; gutter_size=\u00a0\u00bb3&Prime; column_width_percent=\u00a0\u00bb100&Prime; shift_y=\u00a0\u00bb0&Prime; z_index=\u00a0\u00bb0&Prime; uncode_shortcode_id=\u00a0\u00bb205786&Prime;][vc_column column_width_percent=\u00a0\u00bb100&Prime; position_vertical=\u00a0\u00bbmiddle\u00a0\u00bb align_horizontal=\u00a0\u00bbalign_center\u00a0\u00bb gutter_size=\u00a0\u00bb3&Prime; overlay_alpha=\u00a0\u00bb50&Prime; shift_x=\u00a0\u00bb0&Prime; shift_y=\u00a0\u00bb0&Prime; shift_y_down=\u00a0\u00bb0&Prime; [&hellip;]\" \/>\n<meta property=\"og:url\" content=\"https:\/\/azimut360.coop\/administracio-publica\/\" \/>\n<meta property=\"og:site_name\" content=\"Azimut 360 Energia Solar Cooperativa\" \/>\n<meta property=\"article:publisher\" content=\"https:\/\/es-es.facebook.com\/azimut360sccl\/\" \/>\n<meta property=\"article:modified_time\" content=\"2023-01-08T10:12:58+00:00\" \/>\n<meta name=\"twitter:card\" content=\"summary_large_image\" \/>\n<meta name=\"twitter:site\" content=\"@azimut360world\" \/>\n<meta name=\"twitter:label1\" content=\"Dur\u00e9e de lecture estim\u00e9e\" \/>\n\t<meta name=\"twitter:data1\" content=\"4 minutes\" \/>\n<script type=\"application\/ld+json\" class=\"yoast-schema-graph\">{\"@context\":\"https:\\\/\\\/schema.org\",\"@graph\":[{\"@type\":\"WebPage\",\"@id\":\"https:\\\/\\\/azimut360.coop\\\/administracio-publica\\\/\",\"url\":\"https:\\\/\\\/azimut360.coop\\\/administracio-publica\\\/\",\"name\":\"Administration Publique - Azimut 360 Energia Solar Cooperativa\",\"isPartOf\":{\"@id\":\"https:\\\/\\\/azimut360.coop\\\/en\\\/#website\"},\"datePublished\":\"2022-07-18T06:33:33+00:00\",\"dateModified\":\"2023-01-08T10:12:58+00:00\",\"breadcrumb\":{\"@id\":\"https:\\\/\\\/azimut360.coop\\\/administracio-publica\\\/#breadcrumb\"},\"inLanguage\":\"fr-FR\",\"potentialAction\":[{\"@type\":\"ReadAction\",\"target\":[\"https:\\\/\\\/azimut360.coop\\\/administracio-publica\\\/\"]}]},{\"@type\":\"BreadcrumbList\",\"@id\":\"https:\\\/\\\/azimut360.coop\\\/administracio-publica\\\/#breadcrumb\",\"itemListElement\":[{\"@type\":\"ListItem\",\"position\":1,\"name\":\"Inici\",\"item\":\"https:\\\/\\\/azimut360.coop\\\/fr\\\/\"},{\"@type\":\"ListItem\",\"position\":2,\"name\":\"Administration Publique\"}]},{\"@type\":\"WebSite\",\"@id\":\"https:\\\/\\\/azimut360.coop\\\/en\\\/#website\",\"url\":\"https:\\\/\\\/azimut360.coop\\\/en\\\/\",\"name\":\"Azimut 360 Energia Solar Cooperativa\",\"description\":\"Enginyeria \u00b7 Sostenibilitat \u00b7 Desenvolupament\",\"publisher\":{\"@id\":\"https:\\\/\\\/azimut360.coop\\\/en\\\/#organization\"},\"potentialAction\":[{\"@type\":\"SearchAction\",\"target\":{\"@type\":\"EntryPoint\",\"urlTemplate\":\"https:\\\/\\\/azimut360.coop\\\/en\\\/?s={search_term_string}\"},\"query-input\":{\"@type\":\"PropertyValueSpecification\",\"valueRequired\":true,\"valueName\":\"search_term_string\"}}],\"inLanguage\":\"fr-FR\"},{\"@type\":\"Organization\",\"@id\":\"https:\\\/\\\/azimut360.coop\\\/en\\\/#organization\",\"name\":\"Azimut 360 Energia Solar Cooperativa\",\"url\":\"https:\\\/\\\/azimut360.coop\\\/en\\\/\",\"logo\":{\"@type\":\"ImageObject\",\"inLanguage\":\"fr-FR\",\"@id\":\"https:\\\/\\\/azimut360.coop\\\/en\\\/#\\\/schema\\\/logo\\\/image\\\/\",\"url\":\"https:\\\/\\\/azimut360.coop\\\/wp-content\\\/uploads\\\/2021\\\/08\\\/azimut-energia-solar.svg\",\"contentUrl\":\"https:\\\/\\\/azimut360.coop\\\/wp-content\\\/uploads\\\/2021\\\/08\\\/azimut-energia-solar.svg\",\"width\":\"250\",\"height\":\"40\",\"caption\":\"Azimut 360 Energia Solar Cooperativa\"},\"image\":{\"@id\":\"https:\\\/\\\/azimut360.coop\\\/en\\\/#\\\/schema\\\/logo\\\/image\\\/\"},\"sameAs\":[\"https:\\\/\\\/es-es.facebook.com\\\/azimut360sccl\\\/\",\"https:\\\/\\\/x.com\\\/azimut360world\",\"https:\\\/\\\/www.facebook.com\\\/people\\\/Azimut-360-World\\\/100083520168210\\\/\",\"https:\\\/\\\/twitter.com\\\/Azimut360coop\",\"https:\\\/\\\/instagram.com\\\/azimut360coop\\\/\",\"https:\\\/\\\/instagram.com\\\/azimut360_international\\\/\",\"https:\\\/\\\/www.linkedin.com\\\/company\\\/azimut360\\\/\",\"https:\\\/\\\/www.youtube.com\\\/@Azimut360coop\"]}]}<\/script>\n<!-- \/ Yoast SEO plugin. -->","yoast_head_json":{"title":"Administration Publique - Azimut 360 Energia Solar Cooperativa","robots":{"index":"index","follow":"follow","max-snippet":"max-snippet:-1","max-image-preview":"max-image-preview:large","max-video-preview":"max-video-preview:-1"},"canonical":"https:\/\/azimut360.coop\/administracio-publica\/","og_locale":"fr_FR","og_type":"article","og_title":"Administration Publique - Azimut 360 Energia Solar Cooperativa","og_description":"[vc_row row_height_percent=\u00a0\u00bb0&Prime; override_padding=\u00a0\u00bbyes\u00a0\u00bb h_padding=\u00a0\u00bb2&Prime; top_padding=\u00a0\u00bb3&Prime; bottom_padding=\u00a0\u00bb3&Prime; overlay_alpha=\u00a0\u00bb50&Prime; gutter_size=\u00a0\u00bb3&Prime; column_width_percent=\u00a0\u00bb100&Prime; shift_y=\u00a0\u00bb0&Prime; z_index=\u00a0\u00bb0&Prime; uncode_shortcode_id=\u00a0\u00bb205786&Prime;][vc_column column_width_percent=\u00a0\u00bb100&Prime; position_vertical=\u00a0\u00bbmiddle\u00a0\u00bb align_horizontal=\u00a0\u00bbalign_center\u00a0\u00bb gutter_size=\u00a0\u00bb3&Prime; overlay_alpha=\u00a0\u00bb50&Prime; shift_x=\u00a0\u00bb0&Prime; shift_y=\u00a0\u00bb0&Prime; shift_y_down=\u00a0\u00bb0&Prime; [&hellip;]","og_url":"https:\/\/azimut360.coop\/administracio-publica\/","og_site_name":"Azimut 360 Energia Solar Cooperativa","article_publisher":"https:\/\/es-es.facebook.com\/azimut360sccl\/","article_modified_time":"2023-01-08T10:12:58+00:00","twitter_card":"summary_large_image","twitter_site":"@azimut360world","twitter_misc":{"Dur\u00e9e de lecture estim\u00e9e":"4 minutes"},"schema":{"@context":"https:\/\/schema.org","@graph":[{"@type":"WebPage","@id":"https:\/\/azimut360.coop\/administracio-publica\/","url":"https:\/\/azimut360.coop\/administracio-publica\/","name":"Administration Publique - Azimut 360 Energia Solar Cooperativa","isPartOf":{"@id":"https:\/\/azimut360.coop\/en\/#website"},"datePublished":"2022-07-18T06:33:33+00:00","dateModified":"2023-01-08T10:12:58+00:00","breadcrumb":{"@id":"https:\/\/azimut360.coop\/administracio-publica\/#breadcrumb"},"inLanguage":"fr-FR","potentialAction":[{"@type":"ReadAction","target":["https:\/\/azimut360.coop\/administracio-publica\/"]}]},{"@type":"BreadcrumbList","@id":"https:\/\/azimut360.coop\/administracio-publica\/#breadcrumb","itemListElement":[{"@type":"ListItem","position":1,"name":"Inici","item":"https:\/\/azimut360.coop\/fr\/"},{"@type":"ListItem","position":2,"name":"Administration Publique"}]},{"@type":"WebSite","@id":"https:\/\/azimut360.coop\/en\/#website","url":"https:\/\/azimut360.coop\/en\/","name":"Azimut 360 Energia Solar Cooperativa","description":"Enginyeria \u00b7 Sostenibilitat \u00b7 Desenvolupament","publisher":{"@id":"https:\/\/azimut360.coop\/en\/#organization"},"potentialAction":[{"@type":"SearchAction","target":{"@type":"EntryPoint","urlTemplate":"https:\/\/azimut360.coop\/en\/?s={search_term_string}"},"query-input":{"@type":"PropertyValueSpecification","valueRequired":true,"valueName":"search_term_string"}}],"inLanguage":"fr-FR"},{"@type":"Organization","@id":"https:\/\/azimut360.coop\/en\/#organization","name":"Azimut 360 Energia Solar Cooperativa","url":"https:\/\/azimut360.coop\/en\/","logo":{"@type":"ImageObject","inLanguage":"fr-FR","@id":"https:\/\/azimut360.coop\/en\/#\/schema\/logo\/image\/","url":"https:\/\/azimut360.coop\/wp-content\/uploads\/2021\/08\/azimut-energia-solar.svg","contentUrl":"https:\/\/azimut360.coop\/wp-content\/uploads\/2021\/08\/azimut-energia-solar.svg","width":"250","height":"40","caption":"Azimut 360 Energia Solar Cooperativa"},"image":{"@id":"https:\/\/azimut360.coop\/en\/#\/schema\/logo\/image\/"},"sameAs":["https:\/\/es-es.facebook.com\/azimut360sccl\/","https:\/\/x.com\/azimut360world","https:\/\/www.facebook.com\/people\/Azimut-360-World\/100083520168210\/","https:\/\/twitter.com\/Azimut360coop","https:\/\/instagram.com\/azimut360coop\/","https:\/\/instagram.com\/azimut360_international\/","https:\/\/www.linkedin.com\/company\/azimut360\/","https:\/\/www.youtube.com\/@Azimut360coop"]}]}},"_links":{"self":[{"href":"https:\/\/azimut360.coop\/fr\/wp-json\/wp\/v2\/pages\/3883","targetHints":{"allow":["GET"]}}],"collection":[{"href":"https:\/\/azimut360.coop\/fr\/wp-json\/wp\/v2\/pages"}],"about":[{"href":"https:\/\/azimut360.coop\/fr\/wp-json\/wp\/v2\/types\/page"}],"author":[{"embeddable":true,"href":"https:\/\/azimut360.coop\/fr\/wp-json\/wp\/v2\/users\/1"}],"replies":[{"embeddable":true,"href":"https:\/\/azimut360.coop\/fr\/wp-json\/wp\/v2\/comments?post=3883"}],"version-history":[{"count":3,"href":"https:\/\/azimut360.coop\/fr\/wp-json\/wp\/v2\/pages\/3883\/revisions"}],"predecessor-version":[{"id":4979,"href":"https:\/\/azimut360.coop\/fr\/wp-json\/wp\/v2\/pages\/3883\/revisions\/4979"}],"wp:attachment":[{"href":"https:\/\/azimut360.coop\/fr\/wp-json\/wp\/v2\/media?parent=3883"}],"curies":[{"name":"wp","href":"https:\/\/api.w.org\/{rel}","templated":true}]}}