{"id":4411,"date":"2022-09-19T11:11:00","date_gmt":"2022-09-19T10:11:00","guid":{"rendered":"https:\/\/azimut360.coop\/treballa-amb-nosaltres\/"},"modified":"2024-04-08T10:57:02","modified_gmt":"2024-04-08T09:57:02","slug":"trabaja-con-nosotros","status":"publish","type":"page","link":"https:\/\/azimut360.coop\/es\/trabaja-con-nosotros\/","title":{"rendered":"trabaja con nosotros"},"content":{"rendered":"<div class=\"wpb-content-wrapper\"><p>[vc_row row_height_percent=\u00bb0&#8243; override_padding=\u00bbyes\u00bb h_padding=\u00bb2&#8243; top_padding=\u00bb3&#8243; bottom_padding=\u00bb3&#8243; overlay_alpha=\u00bb50&#8243; gutter_size=\u00bb3&#8243; column_width_percent=\u00bb100&#8243; shift_y=\u00bb0&#8243; z_index=\u00bb0&#8243; uncode_shortcode_id=\u00bb157892&#8243;][vc_column column_width_percent=\u00bb80&#8243; position_vertical=\u00bbmiddle\u00bb align_horizontal=\u00bbalign_center\u00bb gutter_size=\u00bb3&#8243; overlay_alpha=\u00bb50&#8243; shift_x=\u00bb0&#8243; shift_y=\u00bb0&#8243; shift_y_down=\u00bb0&#8243; z_index=\u00bb0&#8243; medium_width=\u00bb0&#8243; mobile_width=\u00bb0&#8243; width=\u00bb1\/1&#8243; uncode_shortcode_id=\u00bb106116&#8243;][vc_column_text uncode_shortcode_id=\u00bb161968&#8243;]<\/p>\n<h2 style=\"text-align: center;\">Trabaja para un cambio real<\/h2>\n<p>[\/vc_column_text][vc_column_text uncode_shortcode_id=\u00bb101911&#8243;]<\/p>\n<p class=\"p1\">Trabajamos para fomentar un modelo energ\u00e9tico m\u00e1s sostenible y democr\u00e1tico, y lo hacemos desde valores cooperativos. En Azimut 360 estamos comprometidos con la generaci\u00f3n de un buen clima laboral donde nuestro personal puede desarrollar sus talentos y aportar este valor a la cooperativa. Apostamos por entornos integradores y buscamos el crecimiento laboral y personal ofreciendo planes de formaci\u00f3n y medidas de conciliaci\u00f3n.<\/p>\n<p>[\/vc_column_text][\/vc_column][\/vc_row][vc_row row_height_percent=\u00bb0&#8243; override_padding=\u00bbyes\u00bb h_padding=\u00bb2&#8243; top_padding=\u00bb3&#8243; bottom_padding=\u00bb3&#8243; back_color=\u00bbcolor-182785&#8243; overlay_alpha=\u00bb50&#8243; gutter_size=\u00bb3&#8243; column_width_percent=\u00bb100&#8243; shift_y=\u00bb0&#8243; z_index=\u00bb0&#8243; uncode_shortcode_id=\u00bb107469&#8243; back_color_type=\u00bbuncode-palette\u00bb][vc_column column_width_percent=\u00bb80&#8243; position_vertical=\u00bbmiddle\u00bb align_horizontal=\u00bbalign_right\u00bb gutter_size=\u00bb3&#8243; style=\u00bbdark\u00bb overlay_alpha=\u00bb50&#8243; shift_x=\u00bb0&#8243; shift_y=\u00bb0&#8243; shift_y_down=\u00bb0&#8243; z_index=\u00bb0&#8243; medium_width=\u00bb0&#8243; mobile_width=\u00bb0&#8243; width=\u00bb1\/2&#8243; uncode_shortcode_id=\u00bb184880&#8243;][vc_column_text uncode_shortcode_id=\u00bb643107&#8243;]<\/p>\n<h3>Azimut 360 SCCL es una cooperativa sin \u00e1nimo de lucro que nace del compromiso de dar cobertura a las necesidades energ\u00e9ticas mediante un modelo sostenible y respetuoso con el medio ambiente.<\/h3>\n<p>[\/vc_column_text][\/vc_column][vc_column column_width_percent=\u00bb100&#8243; gutter_size=\u00bb3&#8243; style=\u00bbdark\u00bb overlay_alpha=\u00bb50&#8243; shift_x=\u00bb0&#8243; shift_y=\u00bb0&#8243; shift_y_down=\u00bb0&#8243; z_index=\u00bb0&#8243; medium_width=\u00bb0&#8243; mobile_width=\u00bb0&#8243; width=\u00bb1\/2&#8243; uncode_shortcode_id=\u00bb119854&#8243;][vc_column_text uncode_shortcode_id=\u00bb101703&#8243;]Somos una ingenier\u00eda especializada en la elaboraci\u00f3n y ejecuci\u00f3n de proyectos de energ\u00edas renovables, tanto en generaci\u00f3n como en distribuci\u00f3n y gesti\u00f3n del consumo. El equipo de Azimut 360 tiene m\u00e1s de 15 a\u00f1os de experiencia acumulada en el sector de las energ\u00edas renovables y ha participado en proyectos emblem\u00e1ticos y de referencia en el sector de la energ\u00eda solar, tanto en instalaciones fotovoltaicas conectadas a la red como en sistemas aut\u00f3nomos de electrificaci\u00f3n rural, tanto a nivel nacional como internacional.[\/vc_column_text][\/vc_column][\/vc_row][vc_row row_height_percent=\u00bb50&#8243; back_image=\u00bb2261&#8243; back_position=\u00bbcenter center\u00bb overlay_color=\u00bbcolor-793134&#8243; overlay_alpha=\u00bb50&#8243; overlay_color_blend=\u00bbmultiply\u00bb gutter_size=\u00bb3&#8243; column_width_percent=\u00bb100&#8243; shift_y=\u00bb0&#8243; z_index=\u00bb0&#8243; uncode_shortcode_id=\u00bb111439&#8243; overlay_color_type=\u00bbuncode-palette\u00bb][vc_column column_width_percent=\u00bb100&#8243; position_vertical=\u00bbmiddle\u00bb gutter_size=\u00bb3&#8243; overlay_alpha=\u00bb50&#8243; shift_x=\u00bb0&#8243; shift_y=\u00bb0&#8243; shift_y_down=\u00bb0&#8243; z_index=\u00bb0&#8243; medium_width=\u00bb0&#8243; mobile_width=\u00bb0&#8243; width=\u00bb1\/1&#8243; uncode_shortcode_id=\u00bb337819&#8243;][vc_column_text uncode_shortcode_id=\u00bb127948&#8243;]<\/p>\n<h3 style=\"text-align: center; color: #ffffff;\">Si quieres formar parte de nuestro equipo,<br \/>\nenv\u00eda tu curr\u00edculum y carta de motivaci\u00f3n a:<\/h3>\n<p>[\/vc_column_text]\n<div class=\"wpcf7 no-js\" id=\"wpcf7-f4877-o1\" lang=\"es-ES\" dir=\"ltr\" data-wpcf7-id=\"4877\">\n<div class=\"screen-reader-response\"><p role=\"status\" aria-live=\"polite\" aria-atomic=\"true\"><\/p> <ul><\/ul><\/div>\n<form action=\"\/es\/wp-json\/wp\/v2\/pages\/4411#wpcf7-f4877-o1\" method=\"post\" class=\"wpcf7-form init\" aria-label=\"Formulario de contacto\" enctype=\"multipart\/form-data\" novalidate=\"novalidate\" data-status=\"init\">\n<fieldset class=\"hidden-fields-container\"><input type=\"hidden\" name=\"_wpcf7\" value=\"4877\" \/><input type=\"hidden\" name=\"_wpcf7_version\" value=\"6.1.5\" \/><input type=\"hidden\" name=\"_wpcf7_locale\" value=\"es_ES\" \/><input type=\"hidden\" name=\"_wpcf7_unit_tag\" value=\"wpcf7-f4877-o1\" \/><input type=\"hidden\" name=\"_wpcf7_container_post\" value=\"0\" \/><input type=\"hidden\" name=\"_wpcf7_posted_data_hash\" value=\"\" \/><input type=\"hidden\" name=\"_wpcf7cf_hidden_group_fields\" value=\"[]\" \/><input type=\"hidden\" name=\"_wpcf7cf_hidden_groups\" value=\"[]\" \/><input type=\"hidden\" name=\"_wpcf7cf_visible_groups\" value=\"[]\" \/><input type=\"hidden\" name=\"_wpcf7cf_repeaters\" value=\"[]\" \/><input type=\"hidden\" name=\"_wpcf7cf_steps\" value=\"{}\" \/><input type=\"hidden\" name=\"_wpcf7cf_options\" value=\"{&quot;form_id&quot;:4877,&quot;conditions&quot;:[],&quot;settings&quot;:{&quot;animation&quot;:&quot;yes&quot;,&quot;animation_intime&quot;:200,&quot;animation_outtime&quot;:200,&quot;conditions_ui&quot;:&quot;normal&quot;,&quot;notice_dismissed&quot;:false,&quot;notice_dismissed_rollback-cf7-5.6.4&quot;:true,&quot;notice_dismissed_rollback-cf7-5.7.2&quot;:true,&quot;notice_dismissed_rollback-cf7-5.7.4&quot;:true,&quot;notice_dismissed_rollback-cf7-5.9.4&quot;:true}}\" \/><input type=\"hidden\" name=\"_wpcf7_recaptcha_response\" value=\"\" \/>\n<\/fieldset>\n<p style=\"color: #000;\"><span class=\"wpcf7-form-control-wrap\" data-name=\"your-fullname\"><input size=\"40\" maxlength=\"400\" class=\"wpcf7-form-control wpcf7-text wpcf7-validates-as-required form-fluid\" aria-required=\"true\" aria-invalid=\"false\" placeholder=\"Nombre y Apellido*\" value=\"\" type=\"text\" name=\"your-fullname\" \/><\/span>\n<\/p>\n<div class=\"wpcf7-inline-wrapper\">\n\t<p class=\"wpcf7-inline-field\"><span class=\"wpcf7-form-control-wrap\" data-name=\"your-email\"><input size=\"40\" maxlength=\"400\" class=\"wpcf7-form-control wpcf7-email wpcf7-validates-as-required wpcf7-text wpcf7-validates-as-email\" aria-required=\"true\" aria-invalid=\"false\" placeholder=\"Email*\" value=\"\" type=\"email\" name=\"your-email\" \/><\/span>\n\t<\/p>\n\t<p class=\"wpcf7-inline-field\"><span class=\"wpcf7-form-control-wrap\" data-name=\"your-telephone\"><input size=\"40\" maxlength=\"400\" class=\"wpcf7-form-control wpcf7-text wpcf7-validates-as-required form-fluid\" aria-required=\"true\" aria-invalid=\"false\" placeholder=\"Tel\u00e9fono*\" value=\"\" type=\"text\" name=\"your-telephone\" \/><\/span>\n\t<\/p>\n<\/div>\n<p style=\"color: #fff;\">Adjunta t\u00fa carta de motivaci\u00f3n (Fixters docs, pdf, rtf. M\u00e1xim 3Mb):\n<\/p>\n<p><span class=\"wpcf7-form-control-wrap\" data-name=\"Motivacio\"><input size=\"40\" class=\"wpcf7-form-control wpcf7-file\" accept=\".pdf,.docs,.doc,.rtf\" aria-invalid=\"false\" type=\"file\" name=\"Motivacio\" \/><\/span>\n<\/p>\n<p style=\"color: #fff;\">Adjunta t\u00fa CV (Fixters docs, pdf, rtf. M\u00e1xim 3Mb):\n<\/p>\n<p><span class=\"wpcf7-form-control-wrap\" data-name=\"CV\"><input size=\"40\" class=\"wpcf7-form-control wpcf7-file\" accept=\".pdf,.docs,.doc,.rtf\" aria-invalid=\"false\" type=\"file\" name=\"CV\" \/><\/span>\n<\/p>\n<p style=\"color: #000;><span class=\"wpcf7-form-control-wrap\" data-name=\"your-message\"><textarea cols=\"40\" rows=\"8\" maxlength=\"2000\" class=\"wpcf7-form-control wpcf7-textarea\" aria-invalid=\"false\" placeholder=\"Comentario\" name=\"your-message\"><\/textarea><\/span>\n<\/p>\n<p style=\"color: #fff;\">De acuerdo con la RGPD *\n<\/p>\n<p style=\"color: #fff;\"><span class=\"wpcf7-form-control-wrap\" data-name=\"your-consent\"><span class=\"wpcf7-form-control wpcf7-acceptance\"><span class=\"wpcf7-list-item\"><label><input type=\"checkbox\" name=\"your-consent\" value=\"1\" aria-invalid=\"false\" \/><span class=\"wpcf7-list-item-label\">Acepto la Pol\u00edtica de Privacidad (*)<\/span><\/label><\/span><\/span><\/span>\n<\/p>\n<p style=\"color: #fff;\"><span class=\"wpcf7-form-control-wrap\" data-name=\"your-consent\"><span class=\"wpcf7-form-control wpcf7-acceptance\"><span class=\"wpcf7-list-item\"><input type=\"checkbox\" name=\"your-consent\" value=\"1\" aria-invalid=\"false\" \/><\/span><\/span><\/span> Acepto que este sitio web almacene la informaci\u00f3n enviada para que pueda responder a mi consulta.\n<\/p>\n<p style=\"font-size:10px; color: #fff;\">Responsable: AZIMUT 360, S.C.C.L . Finalidad: Prestar los servicios solicitados y enviar comunicaciones comerciales. Derechos: Tiene derecho a acceder, rectificar y suprimir los datos, as\u00ed como otros derechos, indicados en la informaci\u00f3n adicional, que puede ejercer dirigi\u00e9ndose a lopd@azimut360.coop. Informaci\u00f3n adicional: <a target=\"blank\" href=\"https:\/\/azimut360.coop\/es\/politica-de-privacidad\/\">pol\u00edtica de privacidad<\/a>\n<\/p>\n<p><input class=\"wpcf7-form-control wpcf7-submit has-spinner btn btn-accent\" type=\"submit\" value=\"Enviar\" \/>\n<\/p><div class=\"wpcf7-response-output\" aria-hidden=\"true\"><\/div>\n<\/form>\n<\/div>\n[\/vc_column][\/vc_row]<\/p>\n<\/div>","protected":false},"excerpt":{"rendered":"<p>[vc_row row_height_percent=\u00bb0&#8243; override_padding=\u00bbyes\u00bb h_padding=\u00bb2&#8243; top_padding=\u00bb3&#8243; bottom_padding=\u00bb3&#8243; overlay_alpha=\u00bb50&#8243; gutter_size=\u00bb3&#8243; column_width_percent=\u00bb100&#8243; shift_y=\u00bb0&#8243; z_index=\u00bb0&#8243; uncode_shortcode_id=\u00bb157892&#8243;][vc_column column_width_percent=\u00bb80&#8243; position_vertical=\u00bbmiddle\u00bb align_horizontal=\u00bbalign_center\u00bb gutter_size=\u00bb3&#8243; overlay_alpha=\u00bb50&#8243; shift_x=\u00bb0&#8243; shift_y=\u00bb0&#8243; shift_y_down=\u00bb0&#8243; [&hellip;]<\/p>\n","protected":false},"author":1,"featured_media":0,"parent":0,"menu_order":0,"comment_status":"closed","ping_status":"closed","template":"","meta":{"footnotes":""},"class_list":["post-4411","page","type-page","status-publish","hentry"],"yoast_head":"<!-- This site is optimized with the Yoast SEO plugin v27.4 - https:\/\/yoast.com\/product\/yoast-seo-wordpress\/ -->\n<title>trabaja con nosotros - Azimut 360 Energia Solar Cooperativa<\/title>\n<meta name=\"description\" content=\"Trabajamos para fomentar un modelo energ\u00e9tico m\u00e1s sostenible y democr\u00e1tico, y lo hacemos desde valores cooperativos. En Azimut 360 estamos comprometidos con la generaci\u00f3n de un buen clima laboral donde nuestro personal puede desarrollar sus talentos y aportar este valor a la cooperativa. Apostamos por entornos integradores y buscamos el crecimiento laboral y personal ofreciendo planes de formaci\u00f3n y medidas de conciliaci\u00f3n.\" \/>\n<meta name=\"robots\" content=\"index, follow, max-snippet:-1, max-image-preview:large, max-video-preview:-1\" \/>\n<link rel=\"canonical\" href=\"https:\/\/azimut360.coop\/es\/trabaja-con-nosotros\/\" \/>\n<meta property=\"og:locale\" content=\"es_ES\" \/>\n<meta property=\"og:type\" content=\"article\" \/>\n<meta property=\"og:title\" content=\"trabaja con nosotros - Azimut 360 Energia Solar Cooperativa\" \/>\n<meta property=\"og:description\" content=\"Trabajamos para fomentar un modelo energ\u00e9tico m\u00e1s sostenible y democr\u00e1tico, y lo hacemos desde valores cooperativos. En Azimut 360 estamos comprometidos con la generaci\u00f3n de un buen clima laboral donde nuestro personal puede desarrollar sus talentos y aportar este valor a la cooperativa. Apostamos por entornos integradores y buscamos el crecimiento laboral y personal ofreciendo planes de formaci\u00f3n y medidas de conciliaci\u00f3n.\" \/>\n<meta property=\"og:url\" content=\"https:\/\/azimut360.coop\/es\/trabaja-con-nosotros\/\" \/>\n<meta property=\"og:site_name\" content=\"Azimut 360 Energia Solar Cooperativa\" \/>\n<meta property=\"article:publisher\" content=\"https:\/\/es-es.facebook.com\/azimut360sccl\/\" \/>\n<meta property=\"article:modified_time\" content=\"2024-04-08T09:57:02+00:00\" \/>\n<meta name=\"twitter:card\" content=\"summary_large_image\" \/>\n<meta name=\"twitter:site\" content=\"@azimut360world\" \/>\n<meta name=\"twitter:label1\" content=\"Tiempo de lectura\" \/>\n\t<meta name=\"twitter:data1\" content=\"2 minutos\" \/>\n<script type=\"application\/ld+json\" class=\"yoast-schema-graph\">{\"@context\":\"https:\\\/\\\/schema.org\",\"@graph\":[{\"@type\":\"WebPage\",\"@id\":\"https:\\\/\\\/azimut360.coop\\\/es\\\/trabaja-con-nosotros\\\/\",\"url\":\"https:\\\/\\\/azimut360.coop\\\/es\\\/trabaja-con-nosotros\\\/\",\"name\":\"trabaja con nosotros - Azimut 360 Energia Solar Cooperativa\",\"isPartOf\":{\"@id\":\"https:\\\/\\\/azimut360.coop\\\/en\\\/#website\"},\"datePublished\":\"2022-09-19T10:11:00+00:00\",\"dateModified\":\"2024-04-08T09:57:02+00:00\",\"description\":\"Trabajamos para fomentar un modelo energ\u00e9tico m\u00e1s sostenible y democr\u00e1tico, y lo hacemos desde valores cooperativos. En Azimut 360 estamos comprometidos con la generaci\u00f3n de un buen clima laboral donde nuestro personal puede desarrollar sus talentos y aportar este valor a la cooperativa. Apostamos por entornos integradores y buscamos el crecimiento laboral y personal ofreciendo planes de formaci\u00f3n y medidas de conciliaci\u00f3n.\",\"breadcrumb\":{\"@id\":\"https:\\\/\\\/azimut360.coop\\\/es\\\/trabaja-con-nosotros\\\/#breadcrumb\"},\"inLanguage\":\"es\",\"potentialAction\":[{\"@type\":\"ReadAction\",\"target\":[\"https:\\\/\\\/azimut360.coop\\\/es\\\/trabaja-con-nosotros\\\/\"]}]},{\"@type\":\"BreadcrumbList\",\"@id\":\"https:\\\/\\\/azimut360.coop\\\/es\\\/trabaja-con-nosotros\\\/#breadcrumb\",\"itemListElement\":[{\"@type\":\"ListItem\",\"position\":1,\"name\":\"Inici\",\"item\":\"https:\\\/\\\/azimut360.coop\\\/es\\\/\"},{\"@type\":\"ListItem\",\"position\":2,\"name\":\"trabaja con nosotros\"}]},{\"@type\":\"WebSite\",\"@id\":\"https:\\\/\\\/azimut360.coop\\\/en\\\/#website\",\"url\":\"https:\\\/\\\/azimut360.coop\\\/en\\\/\",\"name\":\"Azimut 360 Energia Solar Cooperativa\",\"description\":\"Enginyeria \u00b7 Sostenibilitat \u00b7 Desenvolupament\",\"publisher\":{\"@id\":\"https:\\\/\\\/azimut360.coop\\\/en\\\/#organization\"},\"potentialAction\":[{\"@type\":\"SearchAction\",\"target\":{\"@type\":\"EntryPoint\",\"urlTemplate\":\"https:\\\/\\\/azimut360.coop\\\/en\\\/?s={search_term_string}\"},\"query-input\":{\"@type\":\"PropertyValueSpecification\",\"valueRequired\":true,\"valueName\":\"search_term_string\"}}],\"inLanguage\":\"es\"},{\"@type\":\"Organization\",\"@id\":\"https:\\\/\\\/azimut360.coop\\\/en\\\/#organization\",\"name\":\"Azimut 360 Energia Solar Cooperativa\",\"url\":\"https:\\\/\\\/azimut360.coop\\\/en\\\/\",\"logo\":{\"@type\":\"ImageObject\",\"inLanguage\":\"es\",\"@id\":\"https:\\\/\\\/azimut360.coop\\\/en\\\/#\\\/schema\\\/logo\\\/image\\\/\",\"url\":\"https:\\\/\\\/azimut360.coop\\\/wp-content\\\/uploads\\\/2021\\\/08\\\/azimut-energia-solar.svg\",\"contentUrl\":\"https:\\\/\\\/azimut360.coop\\\/wp-content\\\/uploads\\\/2021\\\/08\\\/azimut-energia-solar.svg\",\"width\":\"250\",\"height\":\"40\",\"caption\":\"Azimut 360 Energia Solar Cooperativa\"},\"image\":{\"@id\":\"https:\\\/\\\/azimut360.coop\\\/en\\\/#\\\/schema\\\/logo\\\/image\\\/\"},\"sameAs\":[\"https:\\\/\\\/es-es.facebook.com\\\/azimut360sccl\\\/\",\"https:\\\/\\\/x.com\\\/azimut360world\",\"https:\\\/\\\/www.facebook.com\\\/people\\\/Azimut-360-World\\\/100083520168210\\\/\",\"https:\\\/\\\/twitter.com\\\/Azimut360coop\",\"https:\\\/\\\/instagram.com\\\/azimut360coop\\\/\",\"https:\\\/\\\/instagram.com\\\/azimut360_international\\\/\",\"https:\\\/\\\/www.linkedin.com\\\/company\\\/azimut360\\\/\",\"https:\\\/\\\/www.youtube.com\\\/@Azimut360coop\"]}]}<\/script>\n<!-- \/ Yoast SEO plugin. -->","yoast_head_json":{"title":"trabaja con nosotros - Azimut 360 Energia Solar Cooperativa","description":"Trabajamos para fomentar un modelo energ\u00e9tico m\u00e1s sostenible y democr\u00e1tico, y lo hacemos desde valores cooperativos. En Azimut 360 estamos comprometidos con la generaci\u00f3n de un buen clima laboral donde nuestro personal puede desarrollar sus talentos y aportar este valor a la cooperativa. Apostamos por entornos integradores y buscamos el crecimiento laboral y personal ofreciendo planes de formaci\u00f3n y medidas de conciliaci\u00f3n.","robots":{"index":"index","follow":"follow","max-snippet":"max-snippet:-1","max-image-preview":"max-image-preview:large","max-video-preview":"max-video-preview:-1"},"canonical":"https:\/\/azimut360.coop\/es\/trabaja-con-nosotros\/","og_locale":"es_ES","og_type":"article","og_title":"trabaja con nosotros - Azimut 360 Energia Solar Cooperativa","og_description":"Trabajamos para fomentar un modelo energ\u00e9tico m\u00e1s sostenible y democr\u00e1tico, y lo hacemos desde valores cooperativos. En Azimut 360 estamos comprometidos con la generaci\u00f3n de un buen clima laboral donde nuestro personal puede desarrollar sus talentos y aportar este valor a la cooperativa. Apostamos por entornos integradores y buscamos el crecimiento laboral y personal ofreciendo planes de formaci\u00f3n y medidas de conciliaci\u00f3n.","og_url":"https:\/\/azimut360.coop\/es\/trabaja-con-nosotros\/","og_site_name":"Azimut 360 Energia Solar Cooperativa","article_publisher":"https:\/\/es-es.facebook.com\/azimut360sccl\/","article_modified_time":"2024-04-08T09:57:02+00:00","twitter_card":"summary_large_image","twitter_site":"@azimut360world","twitter_misc":{"Tiempo de lectura":"2 minutos"},"schema":{"@context":"https:\/\/schema.org","@graph":[{"@type":"WebPage","@id":"https:\/\/azimut360.coop\/es\/trabaja-con-nosotros\/","url":"https:\/\/azimut360.coop\/es\/trabaja-con-nosotros\/","name":"trabaja con nosotros - Azimut 360 Energia Solar Cooperativa","isPartOf":{"@id":"https:\/\/azimut360.coop\/en\/#website"},"datePublished":"2022-09-19T10:11:00+00:00","dateModified":"2024-04-08T09:57:02+00:00","description":"Trabajamos para fomentar un modelo energ\u00e9tico m\u00e1s sostenible y democr\u00e1tico, y lo hacemos desde valores cooperativos. En Azimut 360 estamos comprometidos con la generaci\u00f3n de un buen clima laboral donde nuestro personal puede desarrollar sus talentos y aportar este valor a la cooperativa. Apostamos por entornos integradores y buscamos el crecimiento laboral y personal ofreciendo planes de formaci\u00f3n y medidas de conciliaci\u00f3n.","breadcrumb":{"@id":"https:\/\/azimut360.coop\/es\/trabaja-con-nosotros\/#breadcrumb"},"inLanguage":"es","potentialAction":[{"@type":"ReadAction","target":["https:\/\/azimut360.coop\/es\/trabaja-con-nosotros\/"]}]},{"@type":"BreadcrumbList","@id":"https:\/\/azimut360.coop\/es\/trabaja-con-nosotros\/#breadcrumb","itemListElement":[{"@type":"ListItem","position":1,"name":"Inici","item":"https:\/\/azimut360.coop\/es\/"},{"@type":"ListItem","position":2,"name":"trabaja con nosotros"}]},{"@type":"WebSite","@id":"https:\/\/azimut360.coop\/en\/#website","url":"https:\/\/azimut360.coop\/en\/","name":"Azimut 360 Energia Solar Cooperativa","description":"Enginyeria \u00b7 Sostenibilitat \u00b7 Desenvolupament","publisher":{"@id":"https:\/\/azimut360.coop\/en\/#organization"},"potentialAction":[{"@type":"SearchAction","target":{"@type":"EntryPoint","urlTemplate":"https:\/\/azimut360.coop\/en\/?s={search_term_string}"},"query-input":{"@type":"PropertyValueSpecification","valueRequired":true,"valueName":"search_term_string"}}],"inLanguage":"es"},{"@type":"Organization","@id":"https:\/\/azimut360.coop\/en\/#organization","name":"Azimut 360 Energia Solar Cooperativa","url":"https:\/\/azimut360.coop\/en\/","logo":{"@type":"ImageObject","inLanguage":"es","@id":"https:\/\/azimut360.coop\/en\/#\/schema\/logo\/image\/","url":"https:\/\/azimut360.coop\/wp-content\/uploads\/2021\/08\/azimut-energia-solar.svg","contentUrl":"https:\/\/azimut360.coop\/wp-content\/uploads\/2021\/08\/azimut-energia-solar.svg","width":"250","height":"40","caption":"Azimut 360 Energia Solar Cooperativa"},"image":{"@id":"https:\/\/azimut360.coop\/en\/#\/schema\/logo\/image\/"},"sameAs":["https:\/\/es-es.facebook.com\/azimut360sccl\/","https:\/\/x.com\/azimut360world","https:\/\/www.facebook.com\/people\/Azimut-360-World\/100083520168210\/","https:\/\/twitter.com\/Azimut360coop","https:\/\/instagram.com\/azimut360coop\/","https:\/\/instagram.com\/azimut360_international\/","https:\/\/www.linkedin.com\/company\/azimut360\/","https:\/\/www.youtube.com\/@Azimut360coop"]}]}},"_links":{"self":[{"href":"https:\/\/azimut360.coop\/es\/wp-json\/wp\/v2\/pages\/4411","targetHints":{"allow":["GET"]}}],"collection":[{"href":"https:\/\/azimut360.coop\/es\/wp-json\/wp\/v2\/pages"}],"about":[{"href":"https:\/\/azimut360.coop\/es\/wp-json\/wp\/v2\/types\/page"}],"author":[{"embeddable":true,"href":"https:\/\/azimut360.coop\/es\/wp-json\/wp\/v2\/users\/1"}],"replies":[{"embeddable":true,"href":"https:\/\/azimut360.coop\/es\/wp-json\/wp\/v2\/comments?post=4411"}],"version-history":[{"count":12,"href":"https:\/\/azimut360.coop\/es\/wp-json\/wp\/v2\/pages\/4411\/revisions"}],"predecessor-version":[{"id":8271,"href":"https:\/\/azimut360.coop\/es\/wp-json\/wp\/v2\/pages\/4411\/revisions\/8271"}],"wp:attachment":[{"href":"https:\/\/azimut360.coop\/es\/wp-json\/wp\/v2\/media?parent=4411"}],"curies":[{"name":"wp","href":"https:\/\/api.w.org\/{rel}","templated":true}]}}