{"id":3923,"date":"2022-07-26T19:48:34","date_gmt":"2022-07-26T18:48:34","guid":{"rendered":"https:\/\/azimut360.coop\/parcs-solars\/"},"modified":"2023-01-02T12:04:34","modified_gmt":"2023-01-02T11:04:34","slug":"parques-solares-socializados","status":"publish","type":"page","link":"https:\/\/azimut360.coop\/es\/parques-solares-socializados\/","title":{"rendered":"parques solares socializados"},"content":{"rendered":"<div class=\"wpb-content-wrapper\"><p>[vc_row row_height_percent=\u00bb0&#8243; override_padding=\u00bbyes\u00bb h_padding=\u00bb2&#8243; top_padding=\u00bb3&#8243; bottom_padding=\u00bb3&#8243; overlay_alpha=\u00bb50&#8243; gutter_size=\u00bb3&#8243; column_width_percent=\u00bb100&#8243; shift_y=\u00bb0&#8243; z_index=\u00bb0&#8243; uncode_shortcode_id=\u00bb205786&#8243;][vc_column column_width_percent=\u00bb100&#8243; position_vertical=\u00bbmiddle\u00bb align_horizontal=\u00bbalign_center\u00bb gutter_size=\u00bb3&#8243; overlay_alpha=\u00bb50&#8243; shift_x=\u00bb0&#8243; shift_y=\u00bb0&#8243; shift_y_down=\u00bb0&#8243; z_index=\u00bb0&#8243; medium_width=\u00bb0&#8243; mobile_width=\u00bb0&#8243; width=\u00bb1\/1&#8243; uncode_shortcode_id=\u00bb161692&#8243;][vc_column_text uncode_shortcode_id=\u00bb108907&#8243;]<\/p>\n<h2 style=\"text-align: center;\"><strong><span style=\"color: #333333;\">+ descarbonizaci\u00f3n + soberan\u00eda energ\u00e9tica + rentabilidad<\/span><\/strong><\/h2>\n<h3 style=\"text-align: center;\">Ante la gran demanda de energ\u00eda de nuestra sociedad, y mientras las estrategias de ahorro energ\u00e9tico no logran los objetivos necesarios, la generaci\u00f3n de energ\u00eda a media y gran escala debe ser limpia, sostenible, descentralizada y rentable.<\/h3>\n<h3 style=\"text-align: center;\">Azimut 360 somos especialistas en parques solares, ya sea sobre cubierta o sobre terreno.<\/h3>\n<p>[\/vc_column_text][\/vc_column][\/vc_row][vc_row row_height_percent=\u00bb0&#8243; override_padding=\u00bbyes\u00bb h_padding=\u00bb2&#8243; top_padding=\u00bb3&#8243; bottom_padding=\u00bb3&#8243; back_color=\u00bbcolor-lxmt\u00bb overlay_alpha=\u00bb50&#8243; gutter_size=\u00bb3&#8243; column_width_percent=\u00bb100&#8243; shift_y=\u00bb0&#8243; z_index=\u00bb0&#8243; uncode_shortcode_id=\u00bb922266&#8243; back_color_type=\u00bbuncode-palette\u00bb][vc_column column_width_percent=\u00bb70&#8243; position_vertical=\u00bbmiddle\u00bb gutter_size=\u00bb3&#8243; overlay_alpha=\u00bb50&#8243; shift_x=\u00bb0&#8243; shift_y=\u00bb0&#8243; shift_y_down=\u00bb0&#8243; z_index=\u00bb0&#8243; medium_width=\u00bb0&#8243; mobile_width=\u00bb0&#8243; width=\u00bb1\/1&#8243; uncode_shortcode_id=\u00bb114788&#8243;][vc_column_text uncode_shortcode_id=\u00bb862648&#8243;]<\/p>\n<h2>Servicios que ofrecemos:<\/h2>\n<ul class=\"ul\">\n<li>Estudios de viabilidad legal, administrativa y t\u00e9cnica<\/li>\n<li>Estudio de viabilidad econ\u00f3mica y de financiaci\u00f3n<\/li>\n<li>Tramitaci\u00f3n de permisos y legalizaci\u00f3n de la planta<\/li>\n<li>Gesti\u00f3n de proyectos, direcci\u00f3n de obras, ejecuci\u00f3n<\/li>\n<li>Monitorizaci\u00f3n, mantenimiento y seguimiento posventa<\/li>\n<li>Proyectos \u00abllaves en mano\u00bb de energ\u00eda solar fotovoltaica<\/li>\n<\/ul>\n<p>[\/vc_column_text][vc_single_image media=\u00bb2104&#8243; media_width_percent=\u00bb100&#8243; uncode_shortcode_id=\u00bb646207&#8243;][\/vc_column][\/vc_row][vc_row row_height_percent=\u00bb50&#8243; back_image=\u00bb1257&#8243; back_position=\u00bbcenter center\u00bb overlay_color=\u00bbcolor-793134&#8243; overlay_alpha=\u00bb50&#8243; overlay_color_blend=\u00bbmultiply\u00bb gutter_size=\u00bb3&#8243; column_width_percent=\u00bb100&#8243; shift_y=\u00bb0&#8243; z_index=\u00bb0&#8243; uncode_shortcode_id=\u00bb313032&#8243; overlay_color_type=\u00bbuncode-palette\u00bb][vc_column column_width_percent=\u00bb100&#8243; position_vertical=\u00bbmiddle\u00bb align_horizontal=\u00bbalign_center\u00bb gutter_size=\u00bb3&#8243; overlay_alpha=\u00bb50&#8243; shift_x=\u00bb0&#8243; shift_y=\u00bb0&#8243; shift_y_down=\u00bb0&#8243; z_index=\u00bb0&#8243; medium_width=\u00bb0&#8243; mobile_width=\u00bb0&#8243; width=\u00bb1\/1&#8243; uncode_shortcode_id=\u00bb933880&#8243;][vc_column_text uncode_shortcode_id=\u00bb209590&#8243;]<\/p>\n<h1 style=\"text-align: center; color: #ffffff;\">\u00a1Cambia a la energ\u00eda verde!<\/h1>\n<p>[\/vc_column_text][vc_button button_color=\u00bbcolor-xsdn\u00bb radius=\u00bbbtn-circle\u00bb hover_fx=\u00bboutlined\u00bb custom_typo=\u00bbyes\u00bb font_family=\u00bbfont-140667&#8243; font_weight=\u00bb600&#8243; border_width=\u00bb0&#8243; link=\u00bburl:https%3A%2F%2Fazimut360.coop%2Fcontacte%2F|title:contacte\u00bb button_color_type=\u00bbuncode-palette\u00bb uncode_shortcode_id=\u00bb125644&#8243;]\u00a1Cont\u00e1ctanos![\/vc_button][\/vc_column][\/vc_row]<\/p>\n<\/div>","protected":false},"excerpt":{"rendered":"<p>[vc_row row_height_percent=\u00bb0&#8243; override_padding=\u00bbyes\u00bb h_padding=\u00bb2&#8243; top_padding=\u00bb3&#8243; bottom_padding=\u00bb3&#8243; overlay_alpha=\u00bb50&#8243; gutter_size=\u00bb3&#8243; column_width_percent=\u00bb100&#8243; shift_y=\u00bb0&#8243; z_index=\u00bb0&#8243; uncode_shortcode_id=\u00bb205786&#8243;][vc_column column_width_percent=\u00bb100&#8243; position_vertical=\u00bbmiddle\u00bb align_horizontal=\u00bbalign_center\u00bb gutter_size=\u00bb3&#8243; overlay_alpha=\u00bb50&#8243; shift_x=\u00bb0&#8243; shift_y=\u00bb0&#8243; shift_y_down=\u00bb0&#8243; [&hellip;]<\/p>\n","protected":false},"author":1,"featured_media":0,"parent":0,"menu_order":0,"comment_status":"closed","ping_status":"closed","template":"","meta":{"footnotes":""},"class_list":["post-3923","page","type-page","status-publish","hentry"],"yoast_head":"<!-- This site is optimized with the Yoast SEO plugin v27.4 - https:\/\/yoast.com\/product\/yoast-seo-wordpress\/ -->\n<title>parques solares socializados - Azimut 360 Energia Solar Cooperativa<\/title>\n<meta name=\"robots\" content=\"index, follow, max-snippet:-1, max-image-preview:large, max-video-preview:-1\" \/>\n<link rel=\"canonical\" href=\"https:\/\/azimut360.coop\/parcs-solars\/\" \/>\n<meta property=\"og:locale\" content=\"es_ES\" \/>\n<meta property=\"og:type\" content=\"article\" \/>\n<meta property=\"og:title\" content=\"parques solares socializados - Azimut 360 Energia Solar Cooperativa\" \/>\n<meta property=\"og:description\" content=\"[vc_row row_height_percent=\u00bb0&#8243; override_padding=\u00bbyes\u00bb h_padding=\u00bb2&#8243; top_padding=\u00bb3&#8243; bottom_padding=\u00bb3&#8243; overlay_alpha=\u00bb50&#8243; gutter_size=\u00bb3&#8243; column_width_percent=\u00bb100&#8243; shift_y=\u00bb0&#8243; z_index=\u00bb0&#8243; uncode_shortcode_id=\u00bb205786&#8243;][vc_column column_width_percent=\u00bb100&#8243; position_vertical=\u00bbmiddle\u00bb align_horizontal=\u00bbalign_center\u00bb gutter_size=\u00bb3&#8243; overlay_alpha=\u00bb50&#8243; shift_x=\u00bb0&#8243; shift_y=\u00bb0&#8243; shift_y_down=\u00bb0&#8243; [&hellip;]\" \/>\n<meta property=\"og:url\" content=\"https:\/\/azimut360.coop\/parcs-solars\/\" \/>\n<meta property=\"og:site_name\" content=\"Azimut 360 Energia Solar Cooperativa\" \/>\n<meta property=\"article:publisher\" content=\"https:\/\/es-es.facebook.com\/azimut360sccl\/\" \/>\n<meta property=\"article:modified_time\" content=\"2023-01-02T11:04:34+00:00\" \/>\n<meta name=\"twitter:card\" content=\"summary_large_image\" \/>\n<meta name=\"twitter:site\" content=\"@azimut360world\" \/>\n<meta name=\"twitter:label1\" content=\"Tiempo de lectura\" \/>\n\t<meta name=\"twitter:data1\" content=\"2 minutos\" \/>\n<script type=\"application\/ld+json\" class=\"yoast-schema-graph\">{\"@context\":\"https:\\\/\\\/schema.org\",\"@graph\":[{\"@type\":\"WebPage\",\"@id\":\"https:\\\/\\\/azimut360.coop\\\/parcs-solars\\\/\",\"url\":\"https:\\\/\\\/azimut360.coop\\\/parcs-solars\\\/\",\"name\":\"parques solares socializados - Azimut 360 Energia Solar Cooperativa\",\"isPartOf\":{\"@id\":\"https:\\\/\\\/azimut360.coop\\\/en\\\/#website\"},\"datePublished\":\"2022-07-26T18:48:34+00:00\",\"dateModified\":\"2023-01-02T11:04:34+00:00\",\"breadcrumb\":{\"@id\":\"https:\\\/\\\/azimut360.coop\\\/parcs-solars\\\/#breadcrumb\"},\"inLanguage\":\"es\",\"potentialAction\":[{\"@type\":\"ReadAction\",\"target\":[\"https:\\\/\\\/azimut360.coop\\\/parcs-solars\\\/\"]}]},{\"@type\":\"BreadcrumbList\",\"@id\":\"https:\\\/\\\/azimut360.coop\\\/parcs-solars\\\/#breadcrumb\",\"itemListElement\":[{\"@type\":\"ListItem\",\"position\":1,\"name\":\"Inici\",\"item\":\"https:\\\/\\\/azimut360.coop\\\/es\\\/\"},{\"@type\":\"ListItem\",\"position\":2,\"name\":\"parques solares socializados\"}]},{\"@type\":\"WebSite\",\"@id\":\"https:\\\/\\\/azimut360.coop\\\/en\\\/#website\",\"url\":\"https:\\\/\\\/azimut360.coop\\\/en\\\/\",\"name\":\"Azimut 360 Energia Solar Cooperativa\",\"description\":\"Enginyeria \u00b7 Sostenibilitat \u00b7 Desenvolupament\",\"publisher\":{\"@id\":\"https:\\\/\\\/azimut360.coop\\\/en\\\/#organization\"},\"potentialAction\":[{\"@type\":\"SearchAction\",\"target\":{\"@type\":\"EntryPoint\",\"urlTemplate\":\"https:\\\/\\\/azimut360.coop\\\/en\\\/?s={search_term_string}\"},\"query-input\":{\"@type\":\"PropertyValueSpecification\",\"valueRequired\":true,\"valueName\":\"search_term_string\"}}],\"inLanguage\":\"es\"},{\"@type\":\"Organization\",\"@id\":\"https:\\\/\\\/azimut360.coop\\\/en\\\/#organization\",\"name\":\"Azimut 360 Energia Solar Cooperativa\",\"url\":\"https:\\\/\\\/azimut360.coop\\\/en\\\/\",\"logo\":{\"@type\":\"ImageObject\",\"inLanguage\":\"es\",\"@id\":\"https:\\\/\\\/azimut360.coop\\\/en\\\/#\\\/schema\\\/logo\\\/image\\\/\",\"url\":\"https:\\\/\\\/azimut360.coop\\\/wp-content\\\/uploads\\\/2021\\\/08\\\/azimut-energia-solar.svg\",\"contentUrl\":\"https:\\\/\\\/azimut360.coop\\\/wp-content\\\/uploads\\\/2021\\\/08\\\/azimut-energia-solar.svg\",\"width\":\"250\",\"height\":\"40\",\"caption\":\"Azimut 360 Energia Solar Cooperativa\"},\"image\":{\"@id\":\"https:\\\/\\\/azimut360.coop\\\/en\\\/#\\\/schema\\\/logo\\\/image\\\/\"},\"sameAs\":[\"https:\\\/\\\/es-es.facebook.com\\\/azimut360sccl\\\/\",\"https:\\\/\\\/x.com\\\/azimut360world\",\"https:\\\/\\\/www.facebook.com\\\/people\\\/Azimut-360-World\\\/100083520168210\\\/\",\"https:\\\/\\\/twitter.com\\\/Azimut360coop\",\"https:\\\/\\\/instagram.com\\\/azimut360coop\\\/\",\"https:\\\/\\\/instagram.com\\\/azimut360_international\\\/\",\"https:\\\/\\\/www.linkedin.com\\\/company\\\/azimut360\\\/\",\"https:\\\/\\\/www.youtube.com\\\/@Azimut360coop\"]}]}<\/script>\n<!-- \/ Yoast SEO plugin. -->","yoast_head_json":{"title":"parques solares socializados - Azimut 360 Energia Solar Cooperativa","robots":{"index":"index","follow":"follow","max-snippet":"max-snippet:-1","max-image-preview":"max-image-preview:large","max-video-preview":"max-video-preview:-1"},"canonical":"https:\/\/azimut360.coop\/parcs-solars\/","og_locale":"es_ES","og_type":"article","og_title":"parques solares socializados - Azimut 360 Energia Solar Cooperativa","og_description":"[vc_row row_height_percent=\u00bb0&#8243; override_padding=\u00bbyes\u00bb h_padding=\u00bb2&#8243; top_padding=\u00bb3&#8243; bottom_padding=\u00bb3&#8243; overlay_alpha=\u00bb50&#8243; gutter_size=\u00bb3&#8243; column_width_percent=\u00bb100&#8243; shift_y=\u00bb0&#8243; z_index=\u00bb0&#8243; uncode_shortcode_id=\u00bb205786&#8243;][vc_column column_width_percent=\u00bb100&#8243; position_vertical=\u00bbmiddle\u00bb align_horizontal=\u00bbalign_center\u00bb gutter_size=\u00bb3&#8243; overlay_alpha=\u00bb50&#8243; shift_x=\u00bb0&#8243; shift_y=\u00bb0&#8243; shift_y_down=\u00bb0&#8243; [&hellip;]","og_url":"https:\/\/azimut360.coop\/parcs-solars\/","og_site_name":"Azimut 360 Energia Solar Cooperativa","article_publisher":"https:\/\/es-es.facebook.com\/azimut360sccl\/","article_modified_time":"2023-01-02T11:04:34+00:00","twitter_card":"summary_large_image","twitter_site":"@azimut360world","twitter_misc":{"Tiempo de lectura":"2 minutos"},"schema":{"@context":"https:\/\/schema.org","@graph":[{"@type":"WebPage","@id":"https:\/\/azimut360.coop\/parcs-solars\/","url":"https:\/\/azimut360.coop\/parcs-solars\/","name":"parques solares socializados - Azimut 360 Energia Solar Cooperativa","isPartOf":{"@id":"https:\/\/azimut360.coop\/en\/#website"},"datePublished":"2022-07-26T18:48:34+00:00","dateModified":"2023-01-02T11:04:34+00:00","breadcrumb":{"@id":"https:\/\/azimut360.coop\/parcs-solars\/#breadcrumb"},"inLanguage":"es","potentialAction":[{"@type":"ReadAction","target":["https:\/\/azimut360.coop\/parcs-solars\/"]}]},{"@type":"BreadcrumbList","@id":"https:\/\/azimut360.coop\/parcs-solars\/#breadcrumb","itemListElement":[{"@type":"ListItem","position":1,"name":"Inici","item":"https:\/\/azimut360.coop\/es\/"},{"@type":"ListItem","position":2,"name":"parques solares socializados"}]},{"@type":"WebSite","@id":"https:\/\/azimut360.coop\/en\/#website","url":"https:\/\/azimut360.coop\/en\/","name":"Azimut 360 Energia Solar Cooperativa","description":"Enginyeria \u00b7 Sostenibilitat \u00b7 Desenvolupament","publisher":{"@id":"https:\/\/azimut360.coop\/en\/#organization"},"potentialAction":[{"@type":"SearchAction","target":{"@type":"EntryPoint","urlTemplate":"https:\/\/azimut360.coop\/en\/?s={search_term_string}"},"query-input":{"@type":"PropertyValueSpecification","valueRequired":true,"valueName":"search_term_string"}}],"inLanguage":"es"},{"@type":"Organization","@id":"https:\/\/azimut360.coop\/en\/#organization","name":"Azimut 360 Energia Solar Cooperativa","url":"https:\/\/azimut360.coop\/en\/","logo":{"@type":"ImageObject","inLanguage":"es","@id":"https:\/\/azimut360.coop\/en\/#\/schema\/logo\/image\/","url":"https:\/\/azimut360.coop\/wp-content\/uploads\/2021\/08\/azimut-energia-solar.svg","contentUrl":"https:\/\/azimut360.coop\/wp-content\/uploads\/2021\/08\/azimut-energia-solar.svg","width":"250","height":"40","caption":"Azimut 360 Energia Solar Cooperativa"},"image":{"@id":"https:\/\/azimut360.coop\/en\/#\/schema\/logo\/image\/"},"sameAs":["https:\/\/es-es.facebook.com\/azimut360sccl\/","https:\/\/x.com\/azimut360world","https:\/\/www.facebook.com\/people\/Azimut-360-World\/100083520168210\/","https:\/\/twitter.com\/Azimut360coop","https:\/\/instagram.com\/azimut360coop\/","https:\/\/instagram.com\/azimut360_international\/","https:\/\/www.linkedin.com\/company\/azimut360\/","https:\/\/www.youtube.com\/@Azimut360coop"]}]}},"_links":{"self":[{"href":"https:\/\/azimut360.coop\/es\/wp-json\/wp\/v2\/pages\/3923","targetHints":{"allow":["GET"]}}],"collection":[{"href":"https:\/\/azimut360.coop\/es\/wp-json\/wp\/v2\/pages"}],"about":[{"href":"https:\/\/azimut360.coop\/es\/wp-json\/wp\/v2\/types\/page"}],"author":[{"embeddable":true,"href":"https:\/\/azimut360.coop\/es\/wp-json\/wp\/v2\/users\/1"}],"replies":[{"embeddable":true,"href":"https:\/\/azimut360.coop\/es\/wp-json\/wp\/v2\/comments?post=3923"}],"version-history":[{"count":8,"href":"https:\/\/azimut360.coop\/es\/wp-json\/wp\/v2\/pages\/3923\/revisions"}],"predecessor-version":[{"id":4707,"href":"https:\/\/azimut360.coop\/es\/wp-json\/wp\/v2\/pages\/3923\/revisions\/4707"}],"wp:attachment":[{"href":"https:\/\/azimut360.coop\/es\/wp-json\/wp\/v2\/media?parent=3923"}],"curies":[{"name":"wp","href":"https:\/\/api.w.org\/{rel}","templated":true}]}}