{"id":3884,"date":"2022-07-18T07:33:33","date_gmt":"2022-07-18T06:33:33","guid":{"rendered":"https:\/\/azimut360.coop\/administracio-publica\/"},"modified":"2023-01-02T10:55:35","modified_gmt":"2023-01-02T09:55:35","slug":"administracion-publica","status":"publish","type":"page","link":"https:\/\/azimut360.coop\/es\/administracion-publica\/","title":{"rendered":"Administracion p\u00fablica"},"content":{"rendered":"<div class=\"wpb-content-wrapper\"><p>[vc_row row_height_percent=\u00bb0&#8243; override_padding=\u00bbyes\u00bb h_padding=\u00bb2&#8243; top_padding=\u00bb3&#8243; bottom_padding=\u00bb3&#8243; overlay_alpha=\u00bb50&#8243; gutter_size=\u00bb3&#8243; column_width_percent=\u00bb100&#8243; shift_y=\u00bb0&#8243; z_index=\u00bb0&#8243; uncode_shortcode_id=\u00bb205786&#8243;][vc_column column_width_percent=\u00bb100&#8243; position_vertical=\u00bbmiddle\u00bb align_horizontal=\u00bbalign_center\u00bb gutter_size=\u00bb3&#8243; overlay_alpha=\u00bb50&#8243; shift_x=\u00bb0&#8243; shift_y=\u00bb0&#8243; shift_y_down=\u00bb0&#8243; z_index=\u00bb0&#8243; medium_width=\u00bb0&#8243; mobile_width=\u00bb0&#8243; width=\u00bb1\/1&#8243; uncode_shortcode_id=\u00bb161692&#8243;][vc_column_text uncode_shortcode_id=\u00bb679662&#8243;]<\/p>\n<h2 style=\"text-align: center;\"><strong><span style=\"color: #333333;\">+ sostenibilidad + eficiencia + ahorro<\/span><\/strong><\/h2>\n<h3 style=\"text-align: center;\">La lucha contra el cambio clim\u00e1tico es una prioridad, por ello apoyamos a la administraci\u00f3n p\u00fablica en el camino hacia la transici\u00f3n energ\u00e9tica.<\/h3>\n<p>[\/vc_column_text][\/vc_column][\/vc_row][vc_row row_height_percent=\u00bb0&#8243; override_padding=\u00bbyes\u00bb h_padding=\u00bb2&#8243; top_padding=\u00bb3&#8243; bottom_padding=\u00bb3&#8243; back_color=\u00bbcolor-lxmt\u00bb overlay_alpha=\u00bb50&#8243; gutter_size=\u00bb3&#8243; column_width_percent=\u00bb100&#8243; shift_y=\u00bb0&#8243; z_index=\u00bb0&#8243; uncode_shortcode_id=\u00bb922266&#8243; back_color_type=\u00bbuncode-palette\u00bb][vc_column column_width_percent=\u00bb75&#8243; position_vertical=\u00bbmiddle\u00bb gutter_size=\u00bb3&#8243; overlay_alpha=\u00bb50&#8243; shift_x=\u00bb0&#8243; shift_y=\u00bb0&#8243; shift_y_down=\u00bb0&#8243; z_index=\u00bb0&#8243; medium_width=\u00bb0&#8243; mobile_width=\u00bb0&#8243; width=\u00bb1\/1&#8243; uncode_shortcode_id=\u00bb197986&#8243;][vc_column_text uncode_shortcode_id=\u00bb717644&#8243;]Las instituciones son agentes de cambio social de vanguardia en el cambio de modelo energ\u00e9tico, por ello nuestro equipo de ingenier\u00eda trabaja conjuntamente con ayuntamientos, diputaciones y otros entes p\u00fablicos para fomentar la transici\u00f3n energ\u00e9tica tambi\u00e9n en las instituciones.<\/p>\n<p>Nuestro equipo de ingenier\u00eda tiene una larga experiencia relevante en el sector p\u00fablico. A lo largo de su trayectoria en el sector, ha realizado proyectos en edificios emblem\u00e1ticos de la administraci\u00f3n.<\/p>\n<p>Ejecutamos proyectos adaptados a las necesidades de cada instituci\u00f3n. Aportamos versatilidad a los proyectos, m\u00e1ximas garant\u00edas y cumplimiento de plazos.[\/vc_column_text][\/vc_column][\/vc_row][vc_row row_height_percent=\u00bb0&#8243; override_padding=\u00bbyes\u00bb h_padding=\u00bb2&#8243; top_padding=\u00bb3&#8243; bottom_padding=\u00bb3&#8243; back_color=\u00bbcolor-720993&#8243; overlay_alpha=\u00bb50&#8243; gutter_size=\u00bb3&#8243; column_width_percent=\u00bb100&#8243; shift_y=\u00bb0&#8243; z_index=\u00bb0&#8243; uncode_shortcode_id=\u00bb707479&#8243; back_color_type=\u00bbuncode-palette\u00bb][vc_column column_width_percent=\u00bb85&#8243; position_vertical=\u00bbmiddle\u00bb align_horizontal=\u00bbalign_center\u00bb gutter_size=\u00bb3&#8243; overlay_alpha=\u00bb50&#8243; shift_x=\u00bb0&#8243; shift_y=\u00bb0&#8243; shift_y_down=\u00bb0&#8243; z_index=\u00bb0&#8243; medium_width=\u00bb0&#8243; mobile_width=\u00bb0&#8243; width=\u00bb1\/1&#8243; uncode_shortcode_id=\u00bb174405&#8243;][vc_custom_heading uncode_shortcode_id=\u00bb182796&#8243;]<\/p>\n<h2 style=\"text-align: center;\">Servicios para Instituciones y Administraci\u00f3n P\u00fablica<\/h2>\n<p>[\/vc_custom_heading][vc_row_inner][vc_column_inner column_width_percent=\u00bb100&#8243; gutter_size=\u00bb3&#8243; overlay_alpha=\u00bb50&#8243; shift_x=\u00bb0&#8243; shift_y=\u00bb0&#8243; shift_y_down=\u00bb0&#8243; z_index=\u00bb0&#8243; medium_width=\u00bb0&#8243; mobile_width=\u00bb0&#8243; width=\u00bb1\/2&#8243; uncode_shortcode_id=\u00bb172295&#8243;][uncode_list icon=\u00bbfa fa-check\u00bb icon_color=\u00bbaccent\u00bb uncode_shortcode_id=\u00bb118919&#8243; icon_color_type=\u00bbuncode-palette\u00bb]<\/p>\n<ul>\n<li>Proyectos \u00abllaves en mano\u00bb de energ\u00eda solar fotovoltaica<\/li>\n<li>Concepci\u00f3n y redacci\u00f3n de proyectos<\/li>\n<li>Consultor\u00eda energ\u00e9tica y auditor\u00edas t\u00e9cnicas<\/li>\n<li>Direcciones facultativas<\/li>\n<\/ul>\n<p>[\/uncode_list][\/vc_column_inner][vc_column_inner width=\u00bb1\/2&#8243;][uncode_list icon=\u00bbfa fa-check\u00bb icon_color=\u00bbaccent\u00bb uncode_shortcode_id=\u00bb194174&#8243; icon_color_type=\u00bbuncode-palette\u00bb]<\/p>\n<ul>\n<li>Estudios de viabilidad econ\u00f3mica y de financiaci\u00f3n<\/li>\n<li>Tramitaci\u00f3n de subvenciones<\/li>\n<li>Mantenimiento y posventa<\/li>\n<li>Formaci\u00f3n y capacitaci\u00f3n<\/li>\n<\/ul>\n<p>[\/uncode_list][\/vc_column_inner][\/vc_row_inner][\/vc_column][\/vc_row][vc_row unlock_row_content=\u00bbyes\u00bb row_height_percent=\u00bb0&#8243; override_padding=\u00bbyes\u00bb h_padding=\u00bb2&#8243; top_padding=\u00bb3&#8243; bottom_padding=\u00bb3&#8243; back_color=\u00bbcolor-xsdn\u00bb overlay_alpha=\u00bb50&#8243; gutter_size=\u00bb3&#8243; column_width_percent=\u00bb100&#8243; shift_y=\u00bb0&#8243; z_index=\u00bb0&#8243; uncode_shortcode_id=\u00bb420432&#8243; back_color_type=\u00bbuncode-palette\u00bb][vc_column column_width_percent=\u00bb100&#8243; position_vertical=\u00bbmiddle\u00bb align_horizontal=\u00bbalign_center\u00bb gutter_size=\u00bb3&#8243; overlay_alpha=\u00bb50&#8243; shift_x=\u00bb0&#8243; shift_y=\u00bb0&#8243; shift_y_down=\u00bb0&#8243; z_index=\u00bb0&#8243; medium_width=\u00bb0&#8243; mobile_width=\u00bb0&#8243; width=\u00bb1\/1&#8243; uncode_shortcode_id=\u00bb161692&#8243;][vc_column_text uncode_shortcode_id=\u00bb147622&#8243;]<\/p>\n<h2 style=\"text-align: center;\">Proyectos<\/h2>\n<p>[\/vc_column_text][vc_empty_space empty_h=\u00bb2&#8243;][uncode_index el_id=\u00bbindex-597565&#8243; isotope_mode=\u00bbfitRows\u00bb loop=\u00bbsize:3|order_by:date|post_type:portfolio|by_id:1767,1738,1720|taxonomy_count:10&#8243; screen_lg=\u00bb1000&#8243; screen_md=\u00bb600&#8243; screen_sm=\u00bb480&#8243; gutter_size=\u00bb3&#8243; post_items=\u00bbdate,media|featured|onpost|original,title,category|nobg|relative|hide-icon,text|excerpt|150,link|round|small_size|Llegir m\u00e9s\u00bb portfolio_items=\u00bbmedia|featured|onpost|original,title,text|excerpt|165&#8243; single_overlay_opacity=\u00bb50&#8243; single_padding=\u00bb2&#8243; single_title_semantic=\u00bbh4&#8243; single_title_family=\u00bbfont-140556&#8243; single_title_dimension=\u00bbh4&#8243; single_title_weight=\u00bb300&#8243; uncode_shortcode_id=\u00bb174493&#8243;][vc_button button_color=\u00bbcolor-182785&#8243; size=\u00bbbtn-xl\u00bb border_width=\u00bb0&#8243; link=\u00bburl:https%3A%2F%2Fazimut360.coop%2Fes%2Fproyectos|title:projectes%20energia%20solar\u00bb button_color_type=\u00bbuncode-palette\u00bb uncode_shortcode_id=\u00bb153718&#8243;]Ver m\u00e1s proyectos[\/vc_button][\/vc_column][\/vc_row][vc_row row_height_percent=\u00bb50&#8243; back_image=\u00bb1257&#8243; back_position=\u00bbcenter center\u00bb overlay_color=\u00bbcolor-793134&#8243; overlay_alpha=\u00bb50&#8243; overlay_color_blend=\u00bbmultiply\u00bb gutter_size=\u00bb3&#8243; column_width_percent=\u00bb100&#8243; shift_y=\u00bb0&#8243; z_index=\u00bb0&#8243; uncode_shortcode_id=\u00bb313032&#8243; overlay_color_type=\u00bbuncode-palette\u00bb][vc_column column_width_percent=\u00bb100&#8243; position_vertical=\u00bbmiddle\u00bb align_horizontal=\u00bbalign_center\u00bb gutter_size=\u00bb3&#8243; overlay_alpha=\u00bb50&#8243; shift_x=\u00bb0&#8243; shift_y=\u00bb0&#8243; shift_y_down=\u00bb0&#8243; z_index=\u00bb0&#8243; medium_width=\u00bb0&#8243; mobile_width=\u00bb0&#8243; width=\u00bb1\/1&#8243; uncode_shortcode_id=\u00bb933880&#8243;][vc_column_text uncode_shortcode_id=\u00bb125724&#8243;]<\/p>\n<h3 style=\"text-align: center; color: #ffffff;\">Hay muchas maneras de hacer luz&#8230;<\/h3>\n<h1 style=\"text-align: center; color: #ffffff;\">\u00a1P\u00e1sate al autoconsumo y suma!<\/h1>\n<p>[\/vc_column_text][vc_button button_color=\u00bbcolor-xsdn\u00bb radius=\u00bbbtn-circle\u00bb hover_fx=\u00bboutlined\u00bb custom_typo=\u00bbyes\u00bb font_family=\u00bbfont-140667&#8243; font_weight=\u00bb600&#8243; border_width=\u00bb0&#8243; link=\u00bburl:https%3A%2F%2Fazimut360.coop%2Fcontacte%2F|title:contacte\u00bb button_color_type=\u00bbuncode-palette\u00bb uncode_shortcode_id=\u00bb129856&#8243;]Contacta&#8217;ns![\/vc_button][\/vc_column][\/vc_row]<\/p>\n<\/div>","protected":false},"excerpt":{"rendered":"<p>[vc_row row_height_percent=\u00bb0&#8243; override_padding=\u00bbyes\u00bb h_padding=\u00bb2&#8243; top_padding=\u00bb3&#8243; bottom_padding=\u00bb3&#8243; overlay_alpha=\u00bb50&#8243; gutter_size=\u00bb3&#8243; column_width_percent=\u00bb100&#8243; shift_y=\u00bb0&#8243; z_index=\u00bb0&#8243; uncode_shortcode_id=\u00bb205786&#8243;][vc_column column_width_percent=\u00bb100&#8243; position_vertical=\u00bbmiddle\u00bb align_horizontal=\u00bbalign_center\u00bb gutter_size=\u00bb3&#8243; overlay_alpha=\u00bb50&#8243; shift_x=\u00bb0&#8243; shift_y=\u00bb0&#8243; shift_y_down=\u00bb0&#8243; [&hellip;]<\/p>\n","protected":false},"author":1,"featured_media":0,"parent":0,"menu_order":0,"comment_status":"closed","ping_status":"closed","template":"","meta":{"footnotes":""},"class_list":["post-3884","page","type-page","status-publish","hentry"],"yoast_head":"<!-- This site is optimized with the Yoast SEO plugin v27.4 - https:\/\/yoast.com\/product\/yoast-seo-wordpress\/ -->\n<title>Administracion p\u00fablica - Azimut 360 Energia Solar Cooperativa<\/title>\n<meta name=\"robots\" content=\"index, follow, max-snippet:-1, max-image-preview:large, max-video-preview:-1\" \/>\n<link rel=\"canonical\" href=\"https:\/\/azimut360.coop\/administracio-publica\/\" \/>\n<meta property=\"og:locale\" content=\"es_ES\" \/>\n<meta property=\"og:type\" content=\"article\" \/>\n<meta property=\"og:title\" content=\"Administracion p\u00fablica - Azimut 360 Energia Solar Cooperativa\" \/>\n<meta property=\"og:description\" content=\"[vc_row row_height_percent=\u00bb0&#8243; override_padding=\u00bbyes\u00bb h_padding=\u00bb2&#8243; top_padding=\u00bb3&#8243; bottom_padding=\u00bb3&#8243; overlay_alpha=\u00bb50&#8243; gutter_size=\u00bb3&#8243; column_width_percent=\u00bb100&#8243; shift_y=\u00bb0&#8243; z_index=\u00bb0&#8243; uncode_shortcode_id=\u00bb205786&#8243;][vc_column column_width_percent=\u00bb100&#8243; position_vertical=\u00bbmiddle\u00bb align_horizontal=\u00bbalign_center\u00bb gutter_size=\u00bb3&#8243; overlay_alpha=\u00bb50&#8243; shift_x=\u00bb0&#8243; shift_y=\u00bb0&#8243; shift_y_down=\u00bb0&#8243; [&hellip;]\" \/>\n<meta property=\"og:url\" content=\"https:\/\/azimut360.coop\/administracio-publica\/\" \/>\n<meta property=\"og:site_name\" content=\"Azimut 360 Energia Solar Cooperativa\" \/>\n<meta property=\"article:publisher\" content=\"https:\/\/es-es.facebook.com\/azimut360sccl\/\" \/>\n<meta property=\"article:modified_time\" content=\"2023-01-02T09:55:35+00:00\" \/>\n<meta name=\"twitter:card\" content=\"summary_large_image\" \/>\n<meta name=\"twitter:site\" content=\"@azimut360world\" \/>\n<meta name=\"twitter:label1\" content=\"Tiempo de lectura\" \/>\n\t<meta name=\"twitter:data1\" content=\"4 minutos\" \/>\n<script type=\"application\/ld+json\" class=\"yoast-schema-graph\">{\"@context\":\"https:\\\/\\\/schema.org\",\"@graph\":[{\"@type\":\"WebPage\",\"@id\":\"https:\\\/\\\/azimut360.coop\\\/administracio-publica\\\/\",\"url\":\"https:\\\/\\\/azimut360.coop\\\/administracio-publica\\\/\",\"name\":\"Administracion p\u00fablica - Azimut 360 Energia Solar Cooperativa\",\"isPartOf\":{\"@id\":\"https:\\\/\\\/azimut360.coop\\\/en\\\/#website\"},\"datePublished\":\"2022-07-18T06:33:33+00:00\",\"dateModified\":\"2023-01-02T09:55:35+00:00\",\"breadcrumb\":{\"@id\":\"https:\\\/\\\/azimut360.coop\\\/administracio-publica\\\/#breadcrumb\"},\"inLanguage\":\"es\",\"potentialAction\":[{\"@type\":\"ReadAction\",\"target\":[\"https:\\\/\\\/azimut360.coop\\\/administracio-publica\\\/\"]}]},{\"@type\":\"BreadcrumbList\",\"@id\":\"https:\\\/\\\/azimut360.coop\\\/administracio-publica\\\/#breadcrumb\",\"itemListElement\":[{\"@type\":\"ListItem\",\"position\":1,\"name\":\"Inici\",\"item\":\"https:\\\/\\\/azimut360.coop\\\/es\\\/\"},{\"@type\":\"ListItem\",\"position\":2,\"name\":\"Administracion p\u00fablica\"}]},{\"@type\":\"WebSite\",\"@id\":\"https:\\\/\\\/azimut360.coop\\\/en\\\/#website\",\"url\":\"https:\\\/\\\/azimut360.coop\\\/en\\\/\",\"name\":\"Azimut 360 Energia Solar Cooperativa\",\"description\":\"Enginyeria \u00b7 Sostenibilitat \u00b7 Desenvolupament\",\"publisher\":{\"@id\":\"https:\\\/\\\/azimut360.coop\\\/en\\\/#organization\"},\"potentialAction\":[{\"@type\":\"SearchAction\",\"target\":{\"@type\":\"EntryPoint\",\"urlTemplate\":\"https:\\\/\\\/azimut360.coop\\\/en\\\/?s={search_term_string}\"},\"query-input\":{\"@type\":\"PropertyValueSpecification\",\"valueRequired\":true,\"valueName\":\"search_term_string\"}}],\"inLanguage\":\"es\"},{\"@type\":\"Organization\",\"@id\":\"https:\\\/\\\/azimut360.coop\\\/en\\\/#organization\",\"name\":\"Azimut 360 Energia Solar Cooperativa\",\"url\":\"https:\\\/\\\/azimut360.coop\\\/en\\\/\",\"logo\":{\"@type\":\"ImageObject\",\"inLanguage\":\"es\",\"@id\":\"https:\\\/\\\/azimut360.coop\\\/en\\\/#\\\/schema\\\/logo\\\/image\\\/\",\"url\":\"https:\\\/\\\/azimut360.coop\\\/wp-content\\\/uploads\\\/2021\\\/08\\\/azimut-energia-solar.svg\",\"contentUrl\":\"https:\\\/\\\/azimut360.coop\\\/wp-content\\\/uploads\\\/2021\\\/08\\\/azimut-energia-solar.svg\",\"width\":\"250\",\"height\":\"40\",\"caption\":\"Azimut 360 Energia Solar Cooperativa\"},\"image\":{\"@id\":\"https:\\\/\\\/azimut360.coop\\\/en\\\/#\\\/schema\\\/logo\\\/image\\\/\"},\"sameAs\":[\"https:\\\/\\\/es-es.facebook.com\\\/azimut360sccl\\\/\",\"https:\\\/\\\/x.com\\\/azimut360world\",\"https:\\\/\\\/www.facebook.com\\\/people\\\/Azimut-360-World\\\/100083520168210\\\/\",\"https:\\\/\\\/twitter.com\\\/Azimut360coop\",\"https:\\\/\\\/instagram.com\\\/azimut360coop\\\/\",\"https:\\\/\\\/instagram.com\\\/azimut360_international\\\/\",\"https:\\\/\\\/www.linkedin.com\\\/company\\\/azimut360\\\/\",\"https:\\\/\\\/www.youtube.com\\\/@Azimut360coop\"]}]}<\/script>\n<!-- \/ Yoast SEO plugin. -->","yoast_head_json":{"title":"Administracion p\u00fablica - Azimut 360 Energia Solar Cooperativa","robots":{"index":"index","follow":"follow","max-snippet":"max-snippet:-1","max-image-preview":"max-image-preview:large","max-video-preview":"max-video-preview:-1"},"canonical":"https:\/\/azimut360.coop\/administracio-publica\/","og_locale":"es_ES","og_type":"article","og_title":"Administracion p\u00fablica - Azimut 360 Energia Solar Cooperativa","og_description":"[vc_row row_height_percent=\u00bb0&#8243; override_padding=\u00bbyes\u00bb h_padding=\u00bb2&#8243; top_padding=\u00bb3&#8243; bottom_padding=\u00bb3&#8243; overlay_alpha=\u00bb50&#8243; gutter_size=\u00bb3&#8243; column_width_percent=\u00bb100&#8243; shift_y=\u00bb0&#8243; z_index=\u00bb0&#8243; uncode_shortcode_id=\u00bb205786&#8243;][vc_column column_width_percent=\u00bb100&#8243; position_vertical=\u00bbmiddle\u00bb align_horizontal=\u00bbalign_center\u00bb gutter_size=\u00bb3&#8243; overlay_alpha=\u00bb50&#8243; shift_x=\u00bb0&#8243; shift_y=\u00bb0&#8243; shift_y_down=\u00bb0&#8243; [&hellip;]","og_url":"https:\/\/azimut360.coop\/administracio-publica\/","og_site_name":"Azimut 360 Energia Solar Cooperativa","article_publisher":"https:\/\/es-es.facebook.com\/azimut360sccl\/","article_modified_time":"2023-01-02T09:55:35+00:00","twitter_card":"summary_large_image","twitter_site":"@azimut360world","twitter_misc":{"Tiempo de lectura":"4 minutos"},"schema":{"@context":"https:\/\/schema.org","@graph":[{"@type":"WebPage","@id":"https:\/\/azimut360.coop\/administracio-publica\/","url":"https:\/\/azimut360.coop\/administracio-publica\/","name":"Administracion p\u00fablica - Azimut 360 Energia Solar Cooperativa","isPartOf":{"@id":"https:\/\/azimut360.coop\/en\/#website"},"datePublished":"2022-07-18T06:33:33+00:00","dateModified":"2023-01-02T09:55:35+00:00","breadcrumb":{"@id":"https:\/\/azimut360.coop\/administracio-publica\/#breadcrumb"},"inLanguage":"es","potentialAction":[{"@type":"ReadAction","target":["https:\/\/azimut360.coop\/administracio-publica\/"]}]},{"@type":"BreadcrumbList","@id":"https:\/\/azimut360.coop\/administracio-publica\/#breadcrumb","itemListElement":[{"@type":"ListItem","position":1,"name":"Inici","item":"https:\/\/azimut360.coop\/es\/"},{"@type":"ListItem","position":2,"name":"Administracion p\u00fablica"}]},{"@type":"WebSite","@id":"https:\/\/azimut360.coop\/en\/#website","url":"https:\/\/azimut360.coop\/en\/","name":"Azimut 360 Energia Solar Cooperativa","description":"Enginyeria \u00b7 Sostenibilitat \u00b7 Desenvolupament","publisher":{"@id":"https:\/\/azimut360.coop\/en\/#organization"},"potentialAction":[{"@type":"SearchAction","target":{"@type":"EntryPoint","urlTemplate":"https:\/\/azimut360.coop\/en\/?s={search_term_string}"},"query-input":{"@type":"PropertyValueSpecification","valueRequired":true,"valueName":"search_term_string"}}],"inLanguage":"es"},{"@type":"Organization","@id":"https:\/\/azimut360.coop\/en\/#organization","name":"Azimut 360 Energia Solar Cooperativa","url":"https:\/\/azimut360.coop\/en\/","logo":{"@type":"ImageObject","inLanguage":"es","@id":"https:\/\/azimut360.coop\/en\/#\/schema\/logo\/image\/","url":"https:\/\/azimut360.coop\/wp-content\/uploads\/2021\/08\/azimut-energia-solar.svg","contentUrl":"https:\/\/azimut360.coop\/wp-content\/uploads\/2021\/08\/azimut-energia-solar.svg","width":"250","height":"40","caption":"Azimut 360 Energia Solar Cooperativa"},"image":{"@id":"https:\/\/azimut360.coop\/en\/#\/schema\/logo\/image\/"},"sameAs":["https:\/\/es-es.facebook.com\/azimut360sccl\/","https:\/\/x.com\/azimut360world","https:\/\/www.facebook.com\/people\/Azimut-360-World\/100083520168210\/","https:\/\/twitter.com\/Azimut360coop","https:\/\/instagram.com\/azimut360coop\/","https:\/\/instagram.com\/azimut360_international\/","https:\/\/www.linkedin.com\/company\/azimut360\/","https:\/\/www.youtube.com\/@Azimut360coop"]}]}},"_links":{"self":[{"href":"https:\/\/azimut360.coop\/es\/wp-json\/wp\/v2\/pages\/3884","targetHints":{"allow":["GET"]}}],"collection":[{"href":"https:\/\/azimut360.coop\/es\/wp-json\/wp\/v2\/pages"}],"about":[{"href":"https:\/\/azimut360.coop\/es\/wp-json\/wp\/v2\/types\/page"}],"author":[{"embeddable":true,"href":"https:\/\/azimut360.coop\/es\/wp-json\/wp\/v2\/users\/1"}],"replies":[{"embeddable":true,"href":"https:\/\/azimut360.coop\/es\/wp-json\/wp\/v2\/comments?post=3884"}],"version-history":[{"count":4,"href":"https:\/\/azimut360.coop\/es\/wp-json\/wp\/v2\/pages\/3884\/revisions"}],"predecessor-version":[{"id":4675,"href":"https:\/\/azimut360.coop\/es\/wp-json\/wp\/v2\/pages\/3884\/revisions\/4675"}],"wp:attachment":[{"href":"https:\/\/azimut360.coop\/es\/wp-json\/wp\/v2\/media?parent=3884"}],"curies":[{"name":"wp","href":"https:\/\/api.w.org\/{rel}","templated":true}]}}